{"id":5680,"date":"2025-06-24T13:09:03","date_gmt":"2025-06-24T11:09:03","guid":{"rendered":"https:\/\/decorstreaming.com\/?product=quercetti-0809-pixel-art-9-tav"},"modified":"2025-06-24T13:09:03","modified_gmt":"2025-06-24T11:09:03","slug":"quercetti-0809-pixel-art-9-tav","status":"publish","type":"product","link":"https:\/\/decorstreaming.com\/?product=quercetti-0809-pixel-art-9-tav","title":{"rendered":"Quercetti &#8211; 0809 Pixel Art &#8211; 9 tav."},"content":{"rendered":"<p>Prix: <span style=\"color:#b12704\">(0,01\u00a0\u20ac \/  kg)<\/span><br \/>\n<br \/>Lorsque la photo \u00e0 reproduire a \u00e9t\u00e9 choisie, suivre les consignes pour imprimer les cartes \u00e0 positionner et puis ajouter les picots<br \/>Disponible en divers formats, la version \u00e0 9 plaques permet de cr\u00e9er un tableau de 54 x 41 cm compos\u00e9 de 10 800 picots.<br \/>Les picots sont propos\u00e9s en 6 couleurs mais l\u2019\u0153il humain les m\u00e9lange pour les transformer en une image comme s\u2019il s\u2019agissait d\u2019une photographie<br \/>L\u2019\u0153uvre termin\u00e9e peut \u00eatre accroch\u00e9e au mur comme un tableau.<\/p>\n","protected":false},"excerpt":{"rendered":"<p>Prix: Lorsque la photo \u00e0 reproduire a \u00e9t\u00e9 choisie, suivre les consignes pour imprimer les cartes \u00e0 positionner et puis ajouter les picotsDisponible en divers formats, la version \u00e0 9 plaques permet de cr\u00e9er un tableau de 54 x 41 cm compos\u00e9 de 10 800 picots.Les picots sont propos\u00e9s en 6 couleurs mais l\u2019\u0153il humain&hellip;<\/p>\n","protected":false},"featured_media":5681,"comment_status":"open","ping_status":"closed","template":"","meta":{"_gspb_post_css":"","_monsterinsights_skip_tracking":false,"_monsterinsights_sitenote_active":false,"_monsterinsights_sitenote_note":"","_monsterinsights_sitenote_category":0},"product_cat":[62],"product_tag":[],"class_list":{"0":"post-5680","1":"product","2":"type-product","3":"status-publish","4":"has-post-thumbnail","6":"product_cat-decor-mural","8":"first","9":"instock","10":"shipping-taxable","11":"product-type-external","12":"add-to-wishlist-after_add_to_cart","13":"col-xs-6 col-sm-4","14":"col-md-3 col-lg-3","15":"un-4-cols"},"aioseo_notices":[],"_links":{"self":[{"href":"https:\/\/decorstreaming.com\/index.php?rest_route=\/wp\/v2\/product\/5680","targetHints":{"allow":["GET"]}}],"collection":[{"href":"https:\/\/decorstreaming.com\/index.php?rest_route=\/wp\/v2\/product"}],"about":[{"href":"https:\/\/decorstreaming.com\/index.php?rest_route=\/wp\/v2\/types\/product"}],"replies":[{"embeddable":true,"href":"https:\/\/decorstreaming.com\/index.php?rest_route=%2Fwp%2Fv2%2Fcomments&post=5680"}],"wp:featuredmedia":[{"embeddable":true,"href":"https:\/\/decorstreaming.com\/index.php?rest_route=\/wp\/v2\/media\/5681"}],"wp:attachment":[{"href":"https:\/\/decorstreaming.com\/index.php?rest_route=%2Fwp%2Fv2%2Fmedia&parent=5680"}],"wp:term":[{"taxonomy":"product_cat","embeddable":true,"href":"https:\/\/decorstreaming.com\/index.php?rest_route=%2Fwp%2Fv2%2Fproduct_cat&post=5680"},{"taxonomy":"product_tag","embeddable":true,"href":"https:\/\/decorstreaming.com\/index.php?rest_route=%2Fwp%2Fv2%2Fproduct_tag&post=5680"}],"curies":[{"name":"wp","href":"https:\/\/api.w.org\/{rel}","templated":true}]}}