{"id":5049,"date":"2025-02-27T06:31:20","date_gmt":"2025-02-27T05:31:20","guid":{"rendered":"https:\/\/decorstreaming.com\/?product=eclairage-dambiance-led-love-inscription-decorative-54843"},"modified":"2025-02-27T06:31:20","modified_gmt":"2025-02-27T05:31:20","slug":"eclairage-dambiance-led-love-inscription-decorative-54843","status":"publish","type":"product","link":"https:\/\/decorstreaming.com\/?product=eclairage-dambiance-led-love-inscription-decorative-54843","title":{"rendered":"\u00c9clairage d&rsquo;ambiance LED \u00ab Love \u00bb &#8211; Inscription d\u00e9corative &#8211; 54843"},"content":{"rendered":"<p>Prix: <span style=\"color:#b12704\"><del>18,64\u20ac<\/del> - \u20ac15,70<\/span><br \/>\n <span>Vous cherchez une d\u00e9coration int\u00e9rieure particuli\u00e8re ? Alors l&rsquo;inscription \u00ab Love \u00bb avec 24 LED en beau blanc chaud est exactement ce qu&rsquo;il vous faut. Cette d\u00e9coration lumineuse avec des lettres LED attrayantes et modernes embellira votre maison. L&rsquo;\u00e9clairage est aliment\u00e9 par piles avec interrupteur marche\/arr\u00eat pratique et convient pour une utilisation en int\u00e9rieur. Fabriqu\u00e9 en bois, cuivre et PVC. <br \/>Caract\u00e9ristiques techniques : <br \/>Mod\u00e8le : d\u00e9coration LED &#8211; Inscription : Love &#8211; Dimensions par inscription : (L x l x h) environ 38 x 3 x 11 cm LOVE : 24 LED Alimentation par piles : 3 x 1,5 V AA (piles non incluses) Mat\u00e9riau : bois\/cuivre\/PVC Couleur : bois naturel Couleur LED : blanc chaud avec interrupteur marche\/arr\u00eat pour mettre en place des accents chaleureux et \u00e9l\u00e9gants dans n&rsquo;importe quelle pi\u00e8ce Tr\u00e8s d\u00e9coratif Convient pour l&rsquo;int\u00e9rieur <br \/><\/span>  <br \/>Dimensions de chaque inscription (l x p x h) : environ 38 x 3 x 11 cm, Home : 28 LED, LOVE : 24 LED<br \/>Alimentation : 3 x 1,5 V AA (piles non incluses), tr\u00e8s d\u00e9coratif<br \/>Mat\u00e9riau : bois\/cuivre\/PVC, couleur : ton bois naturel, couleur LED : blanc chaud, convient pour une utilisation en int\u00e9rieur<br \/>Avec interrupteur marche\/arr\u00eat, \u00e0 poser, apporte une touche chaleureuse et \u00e9l\u00e9gante \u00e0 n&rsquo;importe quelle pi\u00e8ce<\/p>\n","protected":false},"excerpt":{"rendered":"<p>Prix: Vous cherchez une d\u00e9coration int\u00e9rieure particuli\u00e8re ? Alors l&rsquo;inscription \u00ab Love \u00bb avec 24 LED en beau blanc chaud est exactement ce qu&rsquo;il vous faut. Cette d\u00e9coration lumineuse avec des lettres LED attrayantes et modernes embellira votre maison. L&rsquo;\u00e9clairage est aliment\u00e9 par piles avec interrupteur marche\/arr\u00eat pratique et convient pour une utilisation en int\u00e9rieur.&hellip;<\/p>\n","protected":false},"featured_media":5050,"comment_status":"open","ping_status":"closed","template":"","meta":{"_gspb_post_css":"","_monsterinsights_skip_tracking":false,"_monsterinsights_sitenote_active":false,"_monsterinsights_sitenote_note":"","_monsterinsights_sitenote_category":0},"product_cat":[63],"product_tag":[],"class_list":{"0":"post-5049","1":"product","2":"type-product","3":"status-publish","4":"has-post-thumbnail","6":"product_cat-lampe-design","8":"first","9":"instock","10":"sale","11":"shipping-taxable","12":"product-type-external","13":"add-to-wishlist-after_add_to_cart","14":"col-xs-6 col-sm-4","15":"col-md-3 col-lg-3","16":"un-4-cols"},"aioseo_notices":[],"_links":{"self":[{"href":"https:\/\/decorstreaming.com\/index.php?rest_route=\/wp\/v2\/product\/5049","targetHints":{"allow":["GET"]}}],"collection":[{"href":"https:\/\/decorstreaming.com\/index.php?rest_route=\/wp\/v2\/product"}],"about":[{"href":"https:\/\/decorstreaming.com\/index.php?rest_route=\/wp\/v2\/types\/product"}],"replies":[{"embeddable":true,"href":"https:\/\/decorstreaming.com\/index.php?rest_route=%2Fwp%2Fv2%2Fcomments&post=5049"}],"wp:featuredmedia":[{"embeddable":true,"href":"https:\/\/decorstreaming.com\/index.php?rest_route=\/wp\/v2\/media\/5050"}],"wp:attachment":[{"href":"https:\/\/decorstreaming.com\/index.php?rest_route=%2Fwp%2Fv2%2Fmedia&parent=5049"}],"wp:term":[{"taxonomy":"product_cat","embeddable":true,"href":"https:\/\/decorstreaming.com\/index.php?rest_route=%2Fwp%2Fv2%2Fproduct_cat&post=5049"},{"taxonomy":"product_tag","embeddable":true,"href":"https:\/\/decorstreaming.com\/index.php?rest_route=%2Fwp%2Fv2%2Fproduct_tag&post=5049"}],"curies":[{"name":"wp","href":"https:\/\/api.w.org\/{rel}","templated":true}]}}