{"id":4826,"date":"2025-02-26T20:44:32","date_gmt":"2025-02-26T19:44:32","guid":{"rendered":"https:\/\/decorstreaming.com\/?product=veilleuse-led-amouhom-lampe-de-chevet-lampe-nuit-coloree-toucher-telecommande-rechargeable-avec-luminosite-reglable-pour-chambre-a-coucher-chambre-denfant-et-salon"},"modified":"2025-02-26T20:44:32","modified_gmt":"2025-02-26T19:44:32","slug":"veilleuse-led-amouhom-lampe-de-chevet-lampe-nuit-coloree-toucher-telecommande-rechargeable-avec-luminosite-reglable-pour-chambre-a-coucher-chambre-denfant-et-salon","status":"publish","type":"product","link":"https:\/\/decorstreaming.com\/?product=veilleuse-led-amouhom-lampe-de-chevet-lampe-nuit-coloree-toucher-telecommande-rechargeable-avec-luminosite-reglable-pour-chambre-a-coucher-chambre-denfant-et-salon","title":{"rendered":"Veilleuse LED, Amouhom Lampe de Chevet, Lampe Nuit Color\u00e9e Toucher, T\u00e9l\u00e9commande, Rechargeable avec Luminosit\u00e9 R\u00e9glable, pour chambre \u00e0 coucher, chambre d&rsquo;enfant, et salon"},"content":{"rendered":"<p>Prix: <span style=\"color:#b12704\">\u20ac16,99<\/span><\/p>\n<p>        Description du produit<\/p>\n<p>          <img decoding=\"async\" alt=\"Veilleuse LED\" src=\"https:\/\/images-na.ssl-images-amazon.com\/images\/G\/01\/x-locale\/common\/grey-pixel.gif\" class=\"a-lazy-loaded\" data-src=\"https:\/\/m.media-amazon.com\/images\/S\/aplus-media\/sc\/adc38904-24dd-494d-92f1-cb8f2223fc72.__CR0,0,600,180_PT0_SX600_V1___.jpg\"><\/p>\n<p>            <img decoding=\"async\" alt=\"Veilleuse LED\" src=\"https:\/\/m.media-amazon.com\/images\/S\/aplus-media\/sc\/adc38904-24dd-494d-92f1-cb8f2223fc72.__CR0,0,600,180_PT0_SX600_V1___.jpg\"><\/p>\n<p>          <img decoding=\"async\" alt=\"Veilleuse LED\" src=\"https:\/\/images-na.ssl-images-amazon.com\/images\/G\/01\/x-locale\/common\/grey-pixel.gif\" class=\"a-spacing-base a-lazy-loaded\" data-src=\"https:\/\/m.media-amazon.com\/images\/S\/aplus-media\/sc\/6112a63d-6992-48b4-b3d8-6a4fd03b8100.__CR0,0,970,600_PT0_SX970_V1___.jpg\"><\/p>\n<p>            <img decoding=\"async\" alt=\"Veilleuse LED\" src=\"https:\/\/m.media-amazon.com\/images\/S\/aplus-media\/sc\/6112a63d-6992-48b4-b3d8-6a4fd03b8100.__CR0,0,970,600_PT0_SX970_V1___.jpg\"><\/p>\n<h3 class=\"a-spacing-mini\">Vous accompagner chaque soir lorsque vous vous endormez<\/h3>\n<p class=\"a-spacing-base\">Parfaite comme veilleuse avec cette veilleuse pour vous sur votre table de chevet, elle fournit une lumi\u00e8re ambiante agr\u00e9able et douce.Notre veilleuse peut non seulement vous aider \u00e0 nourrir votre b\u00e9b\u00e9 sans allumer la lumi\u00e8re principale, mais peut \u00e9galement vous aider \u00e0 surmonter la t\u00e9n\u00e8bres. Votre b\u00e9b\u00e9 n&rsquo;a pas peur de se r\u00e9veiller la nuit.<\/p>\n<p>            <img decoding=\"async\" alt=\"Veilleuse LED\" src=\"https:\/\/images-na.ssl-images-amazon.com\/images\/G\/01\/x-locale\/common\/grey-pixel.gif\" class=\"a-lazy-loaded\" data-src=\"https:\/\/m.media-amazon.com\/images\/S\/aplus-media\/sc\/624e4e1c-c22f-470f-b19b-a70503186970.__CR0,0,970,300_PT0_SX970_V1___.jpg\"><\/p>\n<p>              <img decoding=\"async\" alt=\"Veilleuse LED\" src=\"https:\/\/m.media-amazon.com\/images\/S\/aplus-media\/sc\/624e4e1c-c22f-470f-b19b-a70503186970.__CR0,0,970,300_PT0_SX970_V1___.jpg\"><\/p>\n<p>          <img decoding=\"async\" alt=\"Veilleuse LED\" src=\"https:\/\/images-na.ssl-images-amazon.com\/images\/G\/01\/x-locale\/common\/grey-pixel.gif\" class=\"a-spacing-base a-lazy-loaded\" data-src=\"https:\/\/m.media-amazon.com\/images\/S\/aplus-media\/sc\/0dcfdbbf-990c-4fc1-9489-6f8bc67c8350.__CR0,0,970,600_PT0_SX970_V1___.jpg\"><\/p>\n<p>            <img decoding=\"async\" alt=\"Veilleuse LED\" src=\"https:\/\/m.media-amazon.com\/images\/S\/aplus-media\/sc\/0dcfdbbf-990c-4fc1-9489-6f8bc67c8350.__CR0,0,970,600_PT0_SX970_V1___.jpg\"><\/p>\n<h3 class=\"a-spacing-mini\">5 modes d&rsquo;\u00e9clairage r\u00e9glables et fonction de synchronisation.<\/h3>\n<p class=\"a-spacing-base\">La lampe \u00e0 c\u00f4t\u00e9 poss\u00e8de 5 modes de luminosit\u00e9: gradation, faible luminosit\u00e9, chaud, naturel et blanc.<\/p>\n<p class=\"a-spacing-base\">Il est confortable et douillet pour se reposer et se d\u00e9tendre, et est \u00e9galement id\u00e9al pour lire dans un environnement lumineux.<\/p>\n<p class=\"apm-text-center\"><img decoding=\"async\" alt=\"Veilleuse LED\" src=\"https:\/\/images-na.ssl-images-amazon.com\/images\/G\/01\/x-locale\/common\/grey-pixel.gif\" class=\"a-lazy-loaded\" data-src=\"https:\/\/m.media-amazon.com\/images\/S\/aplus-media\/sc\/9ddb5cdf-2a3d-439c-bfaf-a587b2b3b805.__CR0,0,220,220_PT0_SX220_V1___.jpg\">\n              <\/p>\n<p>               <img decoding=\"async\" alt=\"Veilleuse LED\" src=\"https:\/\/m.media-amazon.com\/images\/S\/aplus-media\/sc\/9ddb5cdf-2a3d-439c-bfaf-a587b2b3b805.__CR0,0,220,220_PT0_SX220_V1___.jpg\"><\/p>\n<p>             Simplifiez-vous la vie<\/p>\n<p class=\"a-size-small\">Cette \u00e9l\u00e9gante lampe LED combine de nombreux modes d&rsquo;\u00e9clairage en une seule unit\u00e9 pratique et convient \u00e0 toutes les occasions, f\u00eates, chambres, \u00e0 l&rsquo;ext\u00e9rieur, camping, lecture, etc.<\/p>\n<p class=\"apm-text-center\"><img decoding=\"async\" alt=\"Veilleuse LED\" src=\"https:\/\/images-na.ssl-images-amazon.com\/images\/G\/01\/x-locale\/common\/grey-pixel.gif\" class=\"a-lazy-loaded\" data-src=\"https:\/\/m.media-amazon.com\/images\/S\/aplus-media\/sc\/01767212-407b-4c00-a481-0db78f43cb4f.__CR0,0,220,220_PT0_SX220_V1___.jpg\">\n              <\/p>\n<p>               <img decoding=\"async\" alt=\"Veilleuse LED\" src=\"https:\/\/m.media-amazon.com\/images\/S\/aplus-media\/sc\/01767212-407b-4c00-a481-0db78f43cb4f.__CR0,0,220,220_PT0_SX220_V1___.jpg\"><\/p>\n<p>             Lampe pour les yeux<\/p>\n<p class=\"a-size-small\">Une lumi\u00e8re confortable, riche et chaleureuse dans n&rsquo;importe quel environnement.Profitez d&rsquo;un environnement d&rsquo;\u00e9clairage lumineux et color\u00e9 qui est sans danger pour les yeux et \u00e9conomise de l&rsquo;\u00e9nergie.<\/p>\n<p class=\"apm-text-center\"><img decoding=\"async\" alt=\"Veilleuse LED\" src=\"https:\/\/images-na.ssl-images-amazon.com\/images\/G\/01\/x-locale\/common\/grey-pixel.gif\" class=\"a-lazy-loaded\" data-src=\"https:\/\/m.media-amazon.com\/images\/S\/aplus-media\/sc\/7dd655c5-1042-4bcf-9b4e-11fb7c6762ac.__CR0,0,220,220_PT0_SX220_V1___.jpg\">\n              <\/p>\n<p>               <img decoding=\"async\" alt=\"Veilleuse LED\" src=\"https:\/\/m.media-amazon.com\/images\/S\/aplus-media\/sc\/7dd655c5-1042-4bcf-9b4e-11fb7c6762ac.__CR0,0,220,220_PT0_SX220_V1___.jpg\"><\/p>\n<p>             Meilleurs cadeaux<\/p>\n<p class=\"a-size-small\">Cette veilleuse peut \u00e9galement \u00eatre utilis\u00e9e comme lampe de nuit ou comme veilleuse pour b\u00e9b\u00e9 avec sa lumi\u00e8re blanche confortable et r\u00e9glable.<\/p>\n<p class=\"apm-text-center\"><img decoding=\"async\" alt=\"Veilleuse LED\" src=\"https:\/\/images-na.ssl-images-amazon.com\/images\/G\/01\/x-locale\/common\/grey-pixel.gif\" class=\"a-lazy-loaded\" data-src=\"https:\/\/m.media-amazon.com\/images\/S\/aplus-media\/sc\/22e6ccc7-cd43-4536-b5ad-588deea0429c.__CR0,0,220,220_PT0_SX220_V1___.jpg\">\n              <\/p>\n<p>               <img decoding=\"async\" alt=\"Veilleuse LED\" src=\"https:\/\/m.media-amazon.com\/images\/S\/aplus-media\/sc\/22e6ccc7-cd43-4536-b5ad-588deea0429c.__CR0,0,220,220_PT0_SX220_V1___.jpg\"><\/p>\n<p>             Rendez votre voyage plus lumineux et plus \u00e0 la mode<\/p>\n<p class=\"a-size-small\">Si vous \u00eates un fanatique de sport, m\u00eame avec le r\u00eave de voyager \u00e0 travers le monde, ce sera \u00e9galement une bonne option pour vous. Cette lampe tactile petite mais puissante est l\u00e9g\u00e8re et facile \u00e0 transporter.<\/p>\n<p>\u00c9clairage polyvalent : Cycle automatique une large gamme de couleurs du spectre rouge-vert-bleu, vous pouvez \u00e9galement faire une pause sur votre couleur pr\u00e9f\u00e9r\u00e9e et la choisir en fonction de votre humeur et de votre atmosph\u00e8re, rendre votre pi\u00e8ce plus belle et plus romantique, cr\u00e9er un environnement de sommeil id\u00e9al pour vos enfants en choisissant parmi une gamme de couleurs.<br \/>Luminosit\u00e9 r\u00e9glable et \u00c9clairage 360 \u00b0 : La lampe tactile fournit 5 niveaux de luminosit\u00e9, 13 couleurs et 3 modes. Appuyez simplement sur le panneau de commande tactile pour s\u00e9lectionner une luminosit\u00e9 faible, moyenne ou \u00e9lev\u00e9e, ou utilisez la t\u00e9l\u00e9commande pour personnaliser la luminosit\u00e9 de chaque mode de couleur et de lumi\u00e8re. L&rsquo;\u00e9clairage \u00e0 360 \u00b0 fournit une lumi\u00e8re plus uniforme et plus d\u00e9licate. Parfait comme veilleuse garder les enfants se sentir en s\u00e9curit\u00e9 dans le noir.<br \/>Veilleuse LED rechargeable : avec une puissante batterie rechargeable de 1600 mAh, elle peut \u00eatre charg\u00e9e avec un c\u00e2ble micro USB \u00e0 tout moment batterie compl\u00e8tement charg\u00e9e fonctionne 25h avec luminosit\u00e9 faible, ou 8h avec luminosit\u00e9 maximale. Profitez de la veilleuse portable \u00e0 la maison, et m\u00eame en l&rsquo;absence de prise de courant comme pour le camping et les pique-niques en plein air. Soyez rassur\u00e9 avec cette lampe de chevet sans c\u00e2ble, pour \u00e9viter que votre b\u00e9b\u00e9 ne tr\u00e9buche accidentellement.<br \/>Fonction de minuterie d&rsquo;extinction automatique : avec la fonction de minuterie, vous pouvez facilement configurer la veilleuse avec la t\u00e9l\u00e9commande pour \u00e9teindre automatiquement l&rsquo;\u00e9clairage apr\u00e8s 1h, 2h, 4h ou 6h. Une lampe de table activ\u00e9e par le toucher et id\u00e9ale pour la relaxation Convient pour les chambres \u00e0 coucher, les salons et les couloirs, ainsi que pour chambre d&rsquo;enfant, c&rsquo;est aussi un excellent cadeau pour des amis.<\/p>\n","protected":false},"excerpt":{"rendered":"<p>Prix: Description du produit Vous accompagner chaque soir lorsque vous vous endormez Parfaite comme veilleuse avec cette veilleuse pour vous sur votre table de chevet, elle fournit une lumi\u00e8re ambiante agr\u00e9able et douce.Notre veilleuse peut non seulement vous aider \u00e0 nourrir votre b\u00e9b\u00e9 sans allumer la lumi\u00e8re principale, mais peut \u00e9galement vous aider \u00e0 surmonter&hellip;<\/p>\n","protected":false},"featured_media":4827,"comment_status":"open","ping_status":"closed","template":"","meta":{"_gspb_post_css":"","_monsterinsights_skip_tracking":false,"_monsterinsights_sitenote_active":false,"_monsterinsights_sitenote_note":"","_monsterinsights_sitenote_category":0},"product_cat":[68],"product_tag":[],"class_list":{"0":"post-4826","1":"product","2":"type-product","3":"status-publish","4":"has-post-thumbnail","6":"product_cat-eclairages","8":"first","9":"instock","10":"shipping-taxable","11":"product-type-external","12":"add-to-wishlist-after_add_to_cart","13":"col-xs-6 col-sm-4","14":"col-md-3 col-lg-3","15":"un-4-cols"},"aioseo_notices":[],"_links":{"self":[{"href":"https:\/\/decorstreaming.com\/index.php?rest_route=\/wp\/v2\/product\/4826","targetHints":{"allow":["GET"]}}],"collection":[{"href":"https:\/\/decorstreaming.com\/index.php?rest_route=\/wp\/v2\/product"}],"about":[{"href":"https:\/\/decorstreaming.com\/index.php?rest_route=\/wp\/v2\/types\/product"}],"replies":[{"embeddable":true,"href":"https:\/\/decorstreaming.com\/index.php?rest_route=%2Fwp%2Fv2%2Fcomments&post=4826"}],"wp:featuredmedia":[{"embeddable":true,"href":"https:\/\/decorstreaming.com\/index.php?rest_route=\/wp\/v2\/media\/4827"}],"wp:attachment":[{"href":"https:\/\/decorstreaming.com\/index.php?rest_route=%2Fwp%2Fv2%2Fmedia&parent=4826"}],"wp:term":[{"taxonomy":"product_cat","embeddable":true,"href":"https:\/\/decorstreaming.com\/index.php?rest_route=%2Fwp%2Fv2%2Fproduct_cat&post=4826"},{"taxonomy":"product_tag","embeddable":true,"href":"https:\/\/decorstreaming.com\/index.php?rest_route=%2Fwp%2Fv2%2Fproduct_tag&post=4826"}],"curies":[{"name":"wp","href":"https:\/\/api.w.org\/{rel}","templated":true}]}}