{"id":4245,"date":"2025-02-26T04:15:44","date_gmt":"2025-02-26T03:15:44","guid":{"rendered":"https:\/\/decorstreaming.com\/?product=idmarket-console-1-tiroir-detroit-design-industriel"},"modified":"2025-02-26T04:15:44","modified_gmt":"2025-02-26T03:15:44","slug":"idmarket-console-1-tiroir-detroit-design-industriel","status":"publish","type":"product","link":"https:\/\/decorstreaming.com\/?product=idmarket-console-1-tiroir-detroit-design-industriel","title":{"rendered":"IDMarket &#8211; Console 1 tiroir Detroit Design Industriel"},"content":{"rendered":"<p>Prix: <span style=\"color:#b12704\">\u20ac249,99<\/span><br \/>\n <span>Descriptif de la console 1 tiroir DETROIT design industrielLe style moderne, contemporain et les lignes sobres de la console 1 tiroir offriront \u00e0 votre entr\u00e9e, chambre, bureau ou salon un esprit \u00ab\u00a0factory\u00a0\u00bb ! De quoi r\u00e9aliser une ambiance ultra chaleureuse et tendance !Esth\u00e9tique, cette jolie console DETROIT trouvera id\u00e9alement sa place dans les int\u00e9rieurs urbains et contemporains, mais aussi plus rustiques.Les dimensions g\u00e9n\u00e9reuses du plateau (Longueur 90 CM) sont sp\u00e9cialement con\u00e7ues pour vous permettre d&rsquo;y disposer tablette, lampe d&rsquo;appoint, petite plante verte. En dessous, un tiroir ferm\u00e9 offre une maxi capacit\u00e9 de rangement, tr\u00e8s utile pour vos effets personnels.Stable, authentique et robuste, avec son plateau en particules de bois d&rsquo;une \u00e9paisseur de 1,5 cm et sa structure en m\u00e9tal noir de 2 cm, la console arbore une allure \u00e9l\u00e9gante et \u00e9lanc\u00e9e.Pratique et d\u00e9co, elle apporte une r\u00e9elle valeur ajout\u00e9e \u00e0 votre entr\u00e9e ou s\u00e9jour en les d\u00e9corant et en les meublant en toute simplicit\u00e9 !Sublimez d\u00e8s maintenant votre int\u00e9rieur avec ses mat\u00e9riaux bruts, ses formes simples et l&rsquo;alliance du bois et du m\u00e9tal pour un look authentique !Dimensions de la console 1 tiroir DETROIT design industrielDimensions globales hors-tout : L. 90 cm x l. 30 cm x H. 85 cmPlateau en particules de bois : \u00e9paisseur 1,5 cmTubes en m\u00e9tal : \u00e9paisseur 2 cm x 2 cmD\u00e9couvrez l&rsquo;ensemble de notre collection DETROIT sur notre boutique en ligne !Retrouvez \u00e9galement tous nos meubles au style industriel.<\/span>  <br \/>Avec ses lignes \u00e9pur\u00e9es et droites, elle servira de meuble d&rsquo;appoint pour chambre, entr\u00e9e, salon !<br \/>A la fois pratique et d\u00e9co, ses lignes et couleurs sobres s&rsquo;adapteront \u00e0 n&rsquo;importe quelle pi\u00e8ce !<br \/>Tiroir central fonctionnel pour ranger papiers, fournitures. Poign\u00e9e \u00e0 encoche discr\u00e8te.<br \/>L&rsquo;\u00e9paisseur du plateau et ses pieds m\u00e9tal lui conf\u00e8rent une solidit\u00e9 pour poser vos objets d\u00e9co.<\/p>\n","protected":false},"excerpt":{"rendered":"<p>Prix: Descriptif de la console 1 tiroir DETROIT design industrielLe style moderne, contemporain et les lignes sobres de la console 1 tiroir offriront \u00e0 votre entr\u00e9e, chambre, bureau ou salon un esprit \u00ab\u00a0factory\u00a0\u00bb ! De quoi r\u00e9aliser une ambiance ultra chaleureuse et tendance !Esth\u00e9tique, cette jolie console DETROIT trouvera id\u00e9alement sa place dans les int\u00e9rieurs&hellip;<\/p>\n","protected":false},"featured_media":4246,"comment_status":"open","ping_status":"closed","template":"","meta":{"_gspb_post_css":"","_monsterinsights_skip_tracking":false,"_monsterinsights_sitenote_active":false,"_monsterinsights_sitenote_note":"","_monsterinsights_sitenote_category":0},"product_cat":[64],"product_tag":[],"class_list":{"0":"post-4245","1":"product","2":"type-product","3":"status-publish","4":"has-post-thumbnail","6":"product_cat-meuble-deco","8":"first","9":"instock","10":"shipping-taxable","11":"product-type-external","12":"add-to-wishlist-after_add_to_cart","13":"col-xs-6 col-sm-4","14":"col-md-3 col-lg-3","15":"un-4-cols"},"aioseo_notices":[],"_links":{"self":[{"href":"https:\/\/decorstreaming.com\/index.php?rest_route=\/wp\/v2\/product\/4245","targetHints":{"allow":["GET"]}}],"collection":[{"href":"https:\/\/decorstreaming.com\/index.php?rest_route=\/wp\/v2\/product"}],"about":[{"href":"https:\/\/decorstreaming.com\/index.php?rest_route=\/wp\/v2\/types\/product"}],"replies":[{"embeddable":true,"href":"https:\/\/decorstreaming.com\/index.php?rest_route=%2Fwp%2Fv2%2Fcomments&post=4245"}],"wp:featuredmedia":[{"embeddable":true,"href":"https:\/\/decorstreaming.com\/index.php?rest_route=\/wp\/v2\/media\/4246"}],"wp:attachment":[{"href":"https:\/\/decorstreaming.com\/index.php?rest_route=%2Fwp%2Fv2%2Fmedia&parent=4245"}],"wp:term":[{"taxonomy":"product_cat","embeddable":true,"href":"https:\/\/decorstreaming.com\/index.php?rest_route=%2Fwp%2Fv2%2Fproduct_cat&post=4245"},{"taxonomy":"product_tag","embeddable":true,"href":"https:\/\/decorstreaming.com\/index.php?rest_route=%2Fwp%2Fv2%2Fproduct_tag&post=4245"}],"curies":[{"name":"wp","href":"https:\/\/api.w.org\/{rel}","templated":true}]}}