{"id":4030,"date":"2024-11-03T07:49:26","date_gmt":"2024-11-03T06:49:26","guid":{"rendered":"https:\/\/decorstreaming.com\/?product=les-petits-secrets-des-grands-tableaux-lintegrale"},"modified":"2024-11-03T07:49:26","modified_gmt":"2024-11-03T06:49:26","slug":"les-petits-secrets-des-grands-tableaux-lintegrale","status":"publish","type":"product","link":"https:\/\/decorstreaming.com\/?product=les-petits-secrets-des-grands-tableaux-lintegrale","title":{"rendered":"Les Petits Secrets des Grands Tableaux-L&rsquo;int\u00e9grale"},"content":{"rendered":"<p>Prix: <span style=\"color:#b12704\">39,99&nbsp;\u20ac<\/span><br \/>\n<span>Contient :<br \/>\n           &#8211; \u00ab\u00a0Les Petits secrets des grands tableaux &#8211; Volume 1 &amp; 2\u00a0\u00bb<br \/>\n           &#8211; \u00ab\u00a0Les Petits secrets des grands tableaux &#8211; Volume 3\u00a0\u00bb<br \/>\n           &#8211; \u00ab\u00a0Les Petits secrets des grands tableaux &#8211; Volume 4\u00a0\u00bb<br \/>\n           &#8211; \u00ab\u00a0Les Petits secrets des grands tableaux &#8211; Volume 5\u00a0\u00bb<\/p>\n<p>           24 courts m\u00e9trages :<br \/>\n           Volume 1<br \/>\n           01 &#8211; \u00ab\u00a0Le peseur d&rsquo;or et sa femme\u00a0\u00bb d&rsquo;apr\u00e8s Quentin Metsys &#8211; 1514<br \/>\n           02 &#8211; \u00ab\u00a0L&rsquo;atelier du peintre\u00a0\u00bb d&rsquo;apr\u00e8s Gustave Courbet &#8211; 1855<br \/>\n           03 &#8211; \u00ab\u00a0Une baignade \u00e0 Asni\u00e8res\u00a0\u00bb d&rsquo;apr\u00e8s Georges Seurat &#8211; 1884<br \/>\n           04 &#8211; \u00ab\u00a0Les M\u00e9nines\u00a0\u00bb d&rsquo;apr\u00e8s Diego Vel\u00e1squez &#8211; 1656<br \/>\n           05 &#8211; \u00ab\u00a0Les Noces de Cana\u00a0\u00bb d&rsquo;apr\u00e8s Paul V\u00e9ron\u00e8se &#8211; 1563<br \/>\n           Volume 2<br \/>\n           06 &#8211; \u00ab\u00a0Le martyre de Sainte-Apolline\u00a0\u00bb d&rsquo;apr\u00e8s Jean Fouquet &#8211; 1461<br \/>\n           07 &#8211; \u00ab\u00a0La dame au bain\u00a0\u00bb d&rsquo;apr\u00e8s Fran\u00e7ois Clouet &#8211; 1571<br \/>\n           08 &#8211; \u00ab\u00a0Marie-Antoinette de Lorraine Habsbourg, Reine de France et ses enfants\u00a0\u00bb d&rsquo;apr\u00e8s \u00c9lisabeth Louise Vig\u00e9e Le Brun &#8211; 1787<br \/>\n           09 &#8211; \u00ab\u00a0Femmes d&rsquo;Alger dans leur appartement\u00a0\u00bb d&rsquo;apr\u00e8s Eug\u00e8ne Delacroix &#8211; 1834<br \/>\n           10 &#8211; \u00ab\u00a0La vie m\u00e9lang\u00e9e\u00a0\u00bb d&rsquo;apr\u00e8s Vassily Kandinsky &#8211; 1907<br \/>\n           Volume 3<br \/>\n           11 &#8211; \u00ab\u00a0D&rsquo;o\u00f9 venons-nous ? Que sommes-nous ? O\u00f9 allons-nous ?\u00a0\u00bb d&rsquo;apr\u00e8s Paul Gauguin &#8211; 1897<br \/>\n           12 &#8211; \u00ab\u00a0La tentation de Saint-Antoine\u00a0\u00bb d&rsquo;apr\u00e8s J\u00e9r\u00f4me Bosch &#8211; 1501<br \/>\n           13 &#8211; \u00ab\u00a0Francfort le port de l&rsquo;ouest\u00a0\u00bb d&rsquo;apr\u00e8s Ernst Ludwig Kirchner &#8211; 1916<br \/>\n           14 &#8211; \u00ab\u00a0La dame \u00e0 la licorne\u00a0\u00bb 1500<br \/>\n           15 &#8211; \u00ab\u00a0Le printemps\u00a0\u00bb d&rsquo;apr\u00e8s Sandro Botticelli &#8211; 1482<br \/>\n           Volume 4<br \/>\n           16 &#8211; \u00ab\u00a0L&rsquo;astronome\u00a0\u00bb d&rsquo;apr\u00e8s Vermeer<br \/>\n           17 &#8211; \u00ab\u00a0\u00a0\u00bbVue de Varsovie depuis la terrasse du palais royal\u00a0\u00bb d&rsquo;apr\u00e8s Bernardo Bellotto<br \/>\n           18 &#8211; \u00ab\u00a0Femmes \u00e0 la terrasse d&rsquo;un caf\u00e9 le soir\u00a0\u00bb d&rsquo;apr\u00e8s Degas<br \/>\n           19 &#8211; \u00ab\u00a0La ronde de nuit\u00a0\u00bb d&rsquo;apr\u00e8s Rembrandt<br \/>\n           20 &#8211; \u00ab\u00a0El dos de mayo\u00a0\u00bb d&rsquo;apr\u00e8s Goya<br \/>\n           Volume 5<br \/>\n           21 &#8211; \u00ab\u00a0Bal du moulin de la Galette\u00a0\u00bb (1876) d&rsquo;apr\u00e8s Pierre Auguste Renoir<br \/>\n           22 &#8211; \u00ab\u00a0Polichinelle et Saltimbanques\u00a0\u00bb (1797) d&rsquo;apr\u00e8s Giandomenico Tiepolo<br \/>\n           21 &#8211; \u00ab\u00a0Le N\u00e9grier\u00a0\u00bb (1840) d&rsquo;apr\u00e8s J. M. W. Turner<br \/>\n           24 &#8211; \u00ab\u00a0Men of the Docks\u00a0\u00bb (1912) d&rsquo;apr\u00e8s George Bellows<\/span><br \/> Rapport de forme \u200f : \u200e  1.77:1 <br \/> Class\u00e9 \u200f : \u200e  Tous publics <br \/> Dimensions du produit (L x l x h) \u200f : \u200e  13,6 x 7,5 x 19,3 cm; 440 grammes <br \/> R\u00e9alisateur \u200f : \u200e  Carlos Franklin, Cl\u00e9ment Cogitore, Jivko Darakchiev <br \/> Format \u200f : \u200e  Couleur, Cin\u00e9mascope, PAL <br \/> Dur\u00e9e \u200f : \u200e  9 heures et 44 minutes <br \/> Date de sortie \u200f : \u200e  2 novembre 2021 <br \/> Doubl\u00e9\u00a0: \u200f : \u200e  Allemand, Fran\u00e7ais, Anglais <br \/> Sous-titres : \u200f : \u200e  Fran\u00e7ais <br \/> Langue \u200f : \u200e  Allemand (Dolby Digital 2.0), Anglais (Dolby Digital 2.0), Fran\u00e7ais (Dolby Digital 2.0) <br \/> Studio\u00a0 \u200f : \u200e  ARTE \u00c9DITIONS <br \/> ASIN \u200f : \u200e  B09918FL51 <br \/> Pays d&rsquo;origine \u200f : \u200e  France <br \/> Nombre de disques \u200f : \u200e  5 <\/p>\n","protected":false},"excerpt":{"rendered":"<p>Prix: Contient : &#8211; \u00ab\u00a0Les Petits secrets des grands tableaux &#8211; Volume 1 &amp; 2\u00a0\u00bb &#8211; \u00ab\u00a0Les Petits secrets des grands tableaux &#8211; Volume 3\u00a0\u00bb &#8211; \u00ab\u00a0Les Petits secrets des grands tableaux &#8211; Volume 4\u00a0\u00bb &#8211; \u00ab\u00a0Les Petits secrets des grands tableaux &#8211; Volume 5\u00a0\u00bb 24 courts m\u00e9trages : Volume 1 01 &#8211; \u00ab\u00a0Le peseur&hellip;<\/p>\n","protected":false},"featured_media":4031,"comment_status":"open","ping_status":"closed","template":"","meta":{"_gspb_post_css":"","_monsterinsights_skip_tracking":false,"_monsterinsights_sitenote_active":false,"_monsterinsights_sitenote_note":"","_monsterinsights_sitenote_category":0},"product_cat":[62],"product_tag":[],"class_list":{"0":"post-4030","1":"product","2":"type-product","3":"status-publish","4":"has-post-thumbnail","6":"product_cat-decor-mural","8":"first","9":"instock","10":"shipping-taxable","11":"product-type-external","12":"add-to-wishlist-after_add_to_cart","13":"col-xs-6 col-sm-4","14":"col-md-3 col-lg-3","15":"un-4-cols"},"aioseo_notices":[],"_links":{"self":[{"href":"https:\/\/decorstreaming.com\/index.php?rest_route=\/wp\/v2\/product\/4030","targetHints":{"allow":["GET"]}}],"collection":[{"href":"https:\/\/decorstreaming.com\/index.php?rest_route=\/wp\/v2\/product"}],"about":[{"href":"https:\/\/decorstreaming.com\/index.php?rest_route=\/wp\/v2\/types\/product"}],"replies":[{"embeddable":true,"href":"https:\/\/decorstreaming.com\/index.php?rest_route=%2Fwp%2Fv2%2Fcomments&post=4030"}],"wp:featuredmedia":[{"embeddable":true,"href":"https:\/\/decorstreaming.com\/index.php?rest_route=\/wp\/v2\/media\/4031"}],"wp:attachment":[{"href":"https:\/\/decorstreaming.com\/index.php?rest_route=%2Fwp%2Fv2%2Fmedia&parent=4030"}],"wp:term":[{"taxonomy":"product_cat","embeddable":true,"href":"https:\/\/decorstreaming.com\/index.php?rest_route=%2Fwp%2Fv2%2Fproduct_cat&post=4030"},{"taxonomy":"product_tag","embeddable":true,"href":"https:\/\/decorstreaming.com\/index.php?rest_route=%2Fwp%2Fv2%2Fproduct_tag&post=4030"}],"curies":[{"name":"wp","href":"https:\/\/api.w.org\/{rel}","templated":true}]}}