{"id":3911,"date":"2024-10-21T15:56:54","date_gmt":"2024-10-21T13:56:54","guid":{"rendered":"https:\/\/decorstreaming.com\/?product=ordinateur-de-bureau-sff-hp-elite-8100-windows-10-professional-intel-i5-memoire-ram-4-go-ddr3-hd-500-go-dvd-rom-wifi-reconditionne"},"modified":"2024-10-21T15:56:54","modified_gmt":"2024-10-21T13:56:54","slug":"ordinateur-de-bureau-sff-hp-elite-8100-windows-10-professional-intel-i5-memoire-ram-4-go-ddr3-hd-500-go-dvd-rom-wifi-reconditionne","status":"publish","type":"product","link":"https:\/\/decorstreaming.com\/?product=ordinateur-de-bureau-sff-hp-elite-8100-windows-10-professional-intel-i5-memoire-ram-4-go-ddr3-hd-500-go-dvd-rom-wifi-reconditionne","title":{"rendered":"Ordinateur de bureau SFF HP ELITE 8100, Windows 10 Professional, Intel i5, Memoire RAM 4 Go DDR3, HD 500 Go, DVD-ROM, WIFI reconditionne"},"content":{"rendered":"<p>Prix: <span style=\"color:#b12704\">95,00\u20ac<\/span><br \/>\n<span>Ce produit reconditionn\u00e9 est inspect\u00e9, test\u00e9 et nettoy\u00e9 conform\u00e9ment aux exigences d&rsquo;Amazon Renewed pour \u00eatre pleinement fonctionnel. Les produits vendus par des vendeurs tiers sont couverts par la garantie Amazon Renewed de 1 an, qui est une garantie commerciale gratuite fournie par Amazon en plus des garanties l\u00e9gales auxquelles sont soumis les vendeurs tiers. Les produits vendus par Amazon sont couverts par la garantie l\u00e9gale statutaire d&rsquo;Amazon directement. Les batteries, le cas \u00e9ch\u00e9ant, auront une capacit\u00e9 minimale de 80 % par rapport aux batteries neuves (90 % pour les produits en \u00e9tat premium). Le produit sera livr\u00e9 avec des accessoires g\u00e9n\u00e9riques d&rsquo;origine ou compatibles. L&rsquo;\u00e9tanch\u00e9it\u00e9 des produits reconditionn\u00e9s n&rsquo;est pas garantie.<\/span><br \/>Poids de l&#8217;emballage de l&rsquo;article : 8,81849048 livres<br \/>Type de produit &#8211; Ordinateur personnel<br \/>Syst\u00e8me d&rsquo;exploitation : Windows 10 Pro<\/p>\n","protected":false},"excerpt":{"rendered":"<p>Prix: Ce produit reconditionn\u00e9 est inspect\u00e9, test\u00e9 et nettoy\u00e9 conform\u00e9ment aux exigences d&rsquo;Amazon Renewed pour \u00eatre pleinement fonctionnel. Les produits vendus par des vendeurs tiers sont couverts par la garantie Amazon Renewed de 1 an, qui est une garantie commerciale gratuite fournie par Amazon en plus des garanties l\u00e9gales auxquelles sont soumis les vendeurs tiers.&hellip;<\/p>\n","protected":false},"featured_media":3912,"comment_status":"open","ping_status":"closed","template":"","meta":{"_gspb_post_css":"","_monsterinsights_skip_tracking":false,"_monsterinsights_sitenote_active":false,"_monsterinsights_sitenote_note":"","_monsterinsights_sitenote_category":0},"product_cat":[70],"product_tag":[],"class_list":{"0":"post-3911","1":"product","2":"type-product","3":"status-publish","4":"has-post-thumbnail","6":"product_cat-pc-streaming","8":"first","9":"instock","10":"shipping-taxable","11":"product-type-external","12":"add-to-wishlist-after_add_to_cart","13":"col-xs-6 col-sm-4","14":"col-md-3 col-lg-3","15":"un-4-cols"},"aioseo_notices":[],"_links":{"self":[{"href":"https:\/\/decorstreaming.com\/index.php?rest_route=\/wp\/v2\/product\/3911","targetHints":{"allow":["GET"]}}],"collection":[{"href":"https:\/\/decorstreaming.com\/index.php?rest_route=\/wp\/v2\/product"}],"about":[{"href":"https:\/\/decorstreaming.com\/index.php?rest_route=\/wp\/v2\/types\/product"}],"replies":[{"embeddable":true,"href":"https:\/\/decorstreaming.com\/index.php?rest_route=%2Fwp%2Fv2%2Fcomments&post=3911"}],"wp:featuredmedia":[{"embeddable":true,"href":"https:\/\/decorstreaming.com\/index.php?rest_route=\/wp\/v2\/media\/3912"}],"wp:attachment":[{"href":"https:\/\/decorstreaming.com\/index.php?rest_route=%2Fwp%2Fv2%2Fmedia&parent=3911"}],"wp:term":[{"taxonomy":"product_cat","embeddable":true,"href":"https:\/\/decorstreaming.com\/index.php?rest_route=%2Fwp%2Fv2%2Fproduct_cat&post=3911"},{"taxonomy":"product_tag","embeddable":true,"href":"https:\/\/decorstreaming.com\/index.php?rest_route=%2Fwp%2Fv2%2Fproduct_tag&post=3911"}],"curies":[{"name":"wp","href":"https:\/\/api.w.org\/{rel}","templated":true}]}}