{"id":3626,"date":"2024-10-16T19:46:53","date_gmt":"2024-10-16T17:46:53","guid":{"rendered":"https:\/\/decorstreaming.com\/?product=logitech-c922-pro-stream-webcam-streaming-en-full-hd-1080p-avec-trepied-et-licence-gratuite-de-3-mois-pour-xsplit-noir-reconditionne"},"modified":"2024-10-16T19:46:53","modified_gmt":"2024-10-16T17:46:53","slug":"logitech-c922-pro-stream-webcam-streaming-en-full-hd-1080p-avec-trepied-et-licence-gratuite-de-3-mois-pour-xsplit-noir-reconditionne","status":"publish","type":"product","link":"https:\/\/decorstreaming.com\/?product=logitech-c922-pro-stream-webcam-streaming-en-full-hd-1080p-avec-trepied-et-licence-gratuite-de-3-mois-pour-xsplit-noir-reconditionne","title":{"rendered":"Logitech C922 Pro Stream Webcam, streaming en Full HD 1080p avec tr\u00e9pied et licence gratuite de 3 mois pour XSplit &#8211; Noir (reconditionn\u00e9)"},"content":{"rendered":"<p>Prix: <span style=\"color:#b12704\">79,50\u20ac<\/span><br \/>\n<span>Ce produit reconditionn\u00e9 est inspect\u00e9, test\u00e9 et nettoy\u00e9 conform\u00e9ment aux exigences d&rsquo;Amazon Renewed pour \u00eatre pleinement fonctionnel. Les produits vendus par des vendeurs tiers sont couverts par la garantie Amazon Renewed de 1 an, qui est une garantie commerciale gratuite fournie par Amazon en plus des garanties l\u00e9gales auxquelles sont soumis les vendeurs tiers. Les produits vendus par Amazon sont couverts par la garantie l\u00e9gale statutaire d&rsquo;Amazon directement. Les batteries, le cas \u00e9ch\u00e9ant, auront une capacit\u00e9 minimale de 80 % par rapport aux batteries neuves (90 % pour les produits en \u00e9tat premium). Le produit sera livr\u00e9 avec des accessoires g\u00e9n\u00e9riques d&rsquo;origine ou compatibles. L&rsquo;\u00e9tanch\u00e9it\u00e9 des produits reconditionn\u00e9s n&rsquo;est pas garantie.<\/span><br \/>Images plus lumineuses : qualit\u00e9 professionnelle avec correction d&rsquo;\u00e9clairage HD qui effec des ajustements automatiques dans les environnements sombres, et autofocus rapide pour produire des vid\u00e9os haute d\u00e9finition<br \/>Audio st\u00e9r\u00e9o de qualit\u00e9 sup\u00e9rieure : la voix est claire et turelle avec deux microphones, un de chaque c\u00f4t\u00e9 de la webcam, pour une exp\u00e9rience d&rsquo;\u00e9coute compl\u00e8te<br \/>Extras inclus : tr\u00e9pied de table r\u00e9glable extensible jusqu&rsquo;\u00e0 18,5 cm, et licence premium de 3 mois pour XSplit : tout ce dont vous avez besoin pour commencer \u00e0 diffuser imm\u00e9diatement<br \/>Compatibilit\u00e9 : Windows 10 ou version ult\u00e9rieure, Windows 8, Windows 7, Mac OS 10.10 ou version ult\u00e9rieure et Chrome OS. Fonctionne avec Skype, Google Hangouts, FaceTime pour Mac, OBS et XSplit. Avec technologie Capture \u2013 Commencez \u00e0 cr\u00e9er du contenu vid\u00e9o de haute qualit\u00e9 avec Logitech Capture d\u00e8s que vous connectez votre nouvelle webcam. Capture vous permet de personliser votre enregistrement, d&rsquo;ajuster les param\u00e8tres de votre appareil photo et m\u00eame de diffuser sur YouTube<\/p>\n","protected":false},"excerpt":{"rendered":"<p>Prix: Ce produit reconditionn\u00e9 est inspect\u00e9, test\u00e9 et nettoy\u00e9 conform\u00e9ment aux exigences d&rsquo;Amazon Renewed pour \u00eatre pleinement fonctionnel. Les produits vendus par des vendeurs tiers sont couverts par la garantie Amazon Renewed de 1 an, qui est une garantie commerciale gratuite fournie par Amazon en plus des garanties l\u00e9gales auxquelles sont soumis les vendeurs tiers.&hellip;<\/p>\n","protected":false},"featured_media":3627,"comment_status":"open","ping_status":"closed","template":"","meta":{"_gspb_post_css":"","_monsterinsights_skip_tracking":false,"_monsterinsights_sitenote_active":false,"_monsterinsights_sitenote_note":"","_monsterinsights_sitenote_category":0},"product_cat":[70],"product_tag":[],"class_list":{"0":"post-3626","1":"product","2":"type-product","3":"status-publish","4":"has-post-thumbnail","6":"product_cat-pc-streaming","8":"first","9":"instock","10":"shipping-taxable","11":"product-type-external","12":"add-to-wishlist-after_add_to_cart","13":"col-xs-6 col-sm-4","14":"col-md-3 col-lg-3","15":"un-4-cols"},"aioseo_notices":[],"_links":{"self":[{"href":"https:\/\/decorstreaming.com\/index.php?rest_route=\/wp\/v2\/product\/3626","targetHints":{"allow":["GET"]}}],"collection":[{"href":"https:\/\/decorstreaming.com\/index.php?rest_route=\/wp\/v2\/product"}],"about":[{"href":"https:\/\/decorstreaming.com\/index.php?rest_route=\/wp\/v2\/types\/product"}],"replies":[{"embeddable":true,"href":"https:\/\/decorstreaming.com\/index.php?rest_route=%2Fwp%2Fv2%2Fcomments&post=3626"}],"wp:featuredmedia":[{"embeddable":true,"href":"https:\/\/decorstreaming.com\/index.php?rest_route=\/wp\/v2\/media\/3627"}],"wp:attachment":[{"href":"https:\/\/decorstreaming.com\/index.php?rest_route=%2Fwp%2Fv2%2Fmedia&parent=3626"}],"wp:term":[{"taxonomy":"product_cat","embeddable":true,"href":"https:\/\/decorstreaming.com\/index.php?rest_route=%2Fwp%2Fv2%2Fproduct_cat&post=3626"},{"taxonomy":"product_tag","embeddable":true,"href":"https:\/\/decorstreaming.com\/index.php?rest_route=%2Fwp%2Fv2%2Fproduct_tag&post=3626"}],"curies":[{"name":"wp","href":"https:\/\/api.w.org\/{rel}","templated":true}]}}