{"id":3143,"date":"2024-10-12T04:20:51","date_gmt":"2024-10-12T02:20:51","guid":{"rendered":"https:\/\/decorstreaming.com\/?product=behringer-u-phoria-um2-et-marantz-mpm-1000-interface-audio-carte-son-usb-et-microphone-a-condensateur-xlr-avec-trepied-alimentation-phantom-48v"},"modified":"2024-10-12T04:20:51","modified_gmt":"2024-10-12T02:20:51","slug":"behringer-u-phoria-um2-et-marantz-mpm-1000-interface-audio-carte-son-usb-et-microphone-a-condensateur-xlr-avec-trepied-alimentation-phantom-48v","status":"publish","type":"product","link":"https:\/\/decorstreaming.com\/?product=behringer-u-phoria-um2-et-marantz-mpm-1000-interface-audio-carte-son-usb-et-microphone-a-condensateur-xlr-avec-trepied-alimentation-phantom-48v","title":{"rendered":"Behringer U-Phoria UM2 et Marantz MPM-1000 &#8211; Interface Audio\/Carte Son USB et Microphone \u00e0 Condensateur XLR avec Tr\u00e9pied, Alimentation Phantom +48V"},"content":{"rendered":"<p>Prix: <span style=\"color:#b12704\"><del>95,00\u20ac<\/del> - 87,85\u20ac<\/span><br \/>\n<br \/>Alimentation Phantom +48V avec r\u00e9solution audiophile 48kHz, pour une qualit\u00e9 studio. 1 entr\u00e9e XLR, 1 entr\u00e9e pour instruments, 1 sortie RCA pour enceintes de monitoring et 1 sortie pour casque audio<br \/>Micro studio XLR \u00e0 condensateur avec tr\u00e9pied et suspension. Id\u00e9al pour l&rsquo;enregistrement d&rsquo;instruments, le chant, le podcasting et le streaming.<br \/>Large plage de r\u00e9ponse en fr\u00e9quence du microphone (20-20 000 Hz) qui capture tout le spectre audible et offre un son d\u2019une clart\u00e9 absolue pour l\u2019enregistrement<br \/>Capsule de micro \u00e0 courbe de directivit\u00e9 cardio\u00efde pour r\u00e9duire les bruits ambiants. La sensibilit\u00e9 du micro est r\u00e9glable sur l&rsquo;interface audio.<br \/>Tout est dans la bo\u00eete &#8211; Pas besoin de chercher plus loin, puisque tout y est : interface audio, microphone, cables USB et XLR. D\u00e8s le d\u00e9ballage, vous \u00eatres pr\u00eats \u00e0 travailler.<\/p>\n","protected":false},"excerpt":{"rendered":"<p>Prix: Alimentation Phantom +48V avec r\u00e9solution audiophile 48kHz, pour une qualit\u00e9 studio. 1 entr\u00e9e XLR, 1 entr\u00e9e pour instruments, 1 sortie RCA pour enceintes de monitoring et 1 sortie pour casque audioMicro studio XLR \u00e0 condensateur avec tr\u00e9pied et suspension. Id\u00e9al pour l&rsquo;enregistrement d&rsquo;instruments, le chant, le podcasting et le streaming.Large plage de r\u00e9ponse en&hellip;<\/p>\n","protected":false},"featured_media":3144,"comment_status":"open","ping_status":"closed","template":"","meta":{"_gspb_post_css":"","_monsterinsights_skip_tracking":false,"_monsterinsights_sitenote_active":false,"_monsterinsights_sitenote_note":"","_monsterinsights_sitenote_category":0},"product_cat":[67],"product_tag":[],"class_list":{"0":"post-3143","1":"product","2":"type-product","3":"status-publish","4":"has-post-thumbnail","6":"product_cat-micros","8":"first","9":"instock","10":"sale","11":"shipping-taxable","12":"product-type-external","13":"add-to-wishlist-after_add_to_cart","14":"col-xs-6 col-sm-4","15":"col-md-3 col-lg-3","16":"un-4-cols"},"aioseo_notices":[],"_links":{"self":[{"href":"https:\/\/decorstreaming.com\/index.php?rest_route=\/wp\/v2\/product\/3143","targetHints":{"allow":["GET"]}}],"collection":[{"href":"https:\/\/decorstreaming.com\/index.php?rest_route=\/wp\/v2\/product"}],"about":[{"href":"https:\/\/decorstreaming.com\/index.php?rest_route=\/wp\/v2\/types\/product"}],"replies":[{"embeddable":true,"href":"https:\/\/decorstreaming.com\/index.php?rest_route=%2Fwp%2Fv2%2Fcomments&post=3143"}],"wp:featuredmedia":[{"embeddable":true,"href":"https:\/\/decorstreaming.com\/index.php?rest_route=\/wp\/v2\/media\/3144"}],"wp:attachment":[{"href":"https:\/\/decorstreaming.com\/index.php?rest_route=%2Fwp%2Fv2%2Fmedia&parent=3143"}],"wp:term":[{"taxonomy":"product_cat","embeddable":true,"href":"https:\/\/decorstreaming.com\/index.php?rest_route=%2Fwp%2Fv2%2Fproduct_cat&post=3143"},{"taxonomy":"product_tag","embeddable":true,"href":"https:\/\/decorstreaming.com\/index.php?rest_route=%2Fwp%2Fv2%2Fproduct_tag&post=3143"}],"curies":[{"name":"wp","href":"https:\/\/api.w.org\/{rel}","templated":true}]}}