{"id":3134,"date":"2024-10-12T03:59:41","date_gmt":"2024-10-12T01:59:41","guid":{"rendered":"https:\/\/decorstreaming.com\/?product=amd-ryzen-7-5800x-msi-mag-coreliquid-c240"},"modified":"2026-01-22T16:57:11","modified_gmt":"2026-01-22T15:57:11","slug":"amd-ryzen-7-5800x-msi-mag-coreliquid-c240","status":"publish","type":"product","link":"https:\/\/decorstreaming.com\/?product=amd-ryzen-7-5800x-msi-mag-coreliquid-c240","title":{"rendered":"AMD Ryzen 7 5800X + MSI MAG Coreliquid C240"},"content":{"rendered":"<p>Prix: <span style=\"color:#b12704\"><del>513,91\u20ac<\/del> - 263,85\u20ac<\/span><br \/>\n<br \/>Nb de threads 16<br \/>Fr\u00e9quence de base 3.8GHz<br \/>R\u00c9TRO\u00c9CLAIRAGE VIF &#038; WATERBLOCK DISTINCT &#8211; Waterblock &lsquo;diamant&rsquo; avec le logo MSI en ARGB et des ventilateurs RGB adressables pour de multiples effets de lumi\u00e8re; Personnalisable avec le logiciel Mystic Light (via un connecteur de carte m\u00e8re ARGB 5V 3-pin)<br \/>RADIATEUR SPLIT-FLOW AVEC POMPE INT\u00c9GR\u00c9E &#8211; Le radiateur en aluminium (276x120x27mm) est dot\u00e9 d&rsquo;un syst\u00e8me unique de refroidissement liquide \u00e0 flux s\u00e9par\u00e9 et d&rsquo;une pompe \u00e0 3 phases int\u00e9gr\u00e9e pour am\u00e9liorer la durabilit\u00e9 et r\u00e9duire les vibrations du moteur<br \/>DOUBLE VENTILATEURS ARGB &#8211; 2 x ventilateurs 120mm (500-2000 RPM, PWM) pour une excellente pression (max. 2.39 mmH2O) et un d\u00e9bit d&rsquo;air optimal (78.7 CFM) en toute discr\u00e9tion (14.3-34.3 dBA)<\/p>\n","protected":false},"excerpt":{"rendered":"<p>Prix: Nb de threads 16Fr\u00e9quence de base 3.8GHzR\u00c9TRO\u00c9CLAIRAGE VIF &#038; WATERBLOCK DISTINCT &#8211; Waterblock &lsquo;diamant&rsquo; avec le logo MSI en ARGB et des ventilateurs RGB adressables pour de multiples effets de lumi\u00e8re; Personnalisable avec le logiciel Mystic Light (via un connecteur de carte m\u00e8re ARGB 5V 3-pin)RADIATEUR SPLIT-FLOW AVEC POMPE INT\u00c9GR\u00c9E &#8211; Le radiateur en&hellip;<\/p>\n","protected":false},"featured_media":3135,"comment_status":"open","ping_status":"closed","template":"","meta":{"_gspb_post_css":"","_monsterinsights_skip_tracking":false,"_monsterinsights_sitenote_active":false,"_monsterinsights_sitenote_note":"","_monsterinsights_sitenote_category":0},"product_cat":[70],"product_tag":[],"class_list":{"0":"post-3134","1":"product","2":"type-product","3":"status-publish","4":"has-post-thumbnail","6":"product_cat-pc-streaming","8":"first","9":"instock","10":"sale","11":"shipping-taxable","12":"product-type-external","13":"add-to-wishlist-after_add_to_cart","14":"col-xs-6 col-sm-4","15":"col-md-3 col-lg-3","16":"un-4-cols"},"aioseo_notices":[],"_links":{"self":[{"href":"https:\/\/decorstreaming.com\/index.php?rest_route=\/wp\/v2\/product\/3134","targetHints":{"allow":["GET"]}}],"collection":[{"href":"https:\/\/decorstreaming.com\/index.php?rest_route=\/wp\/v2\/product"}],"about":[{"href":"https:\/\/decorstreaming.com\/index.php?rest_route=\/wp\/v2\/types\/product"}],"replies":[{"embeddable":true,"href":"https:\/\/decorstreaming.com\/index.php?rest_route=%2Fwp%2Fv2%2Fcomments&post=3134"}],"wp:featuredmedia":[{"embeddable":true,"href":"https:\/\/decorstreaming.com\/index.php?rest_route=\/wp\/v2\/media\/3135"}],"wp:attachment":[{"href":"https:\/\/decorstreaming.com\/index.php?rest_route=%2Fwp%2Fv2%2Fmedia&parent=3134"}],"wp:term":[{"taxonomy":"product_cat","embeddable":true,"href":"https:\/\/decorstreaming.com\/index.php?rest_route=%2Fwp%2Fv2%2Fproduct_cat&post=3134"},{"taxonomy":"product_tag","embeddable":true,"href":"https:\/\/decorstreaming.com\/index.php?rest_route=%2Fwp%2Fv2%2Fproduct_tag&post=3134"}],"curies":[{"name":"wp","href":"https:\/\/api.w.org\/{rel}","templated":true}]}}