{"id":3106,"date":"2024-10-12T01:03:47","date_gmt":"2024-10-11T23:03:47","guid":{"rendered":"https:\/\/decorstreaming.com\/?product=akg-c214-microphone-de-studio-statique-cardioide-noir-stagg-3-m-cable-microphone-xlr-xlr-de-haute-qualite-noir"},"modified":"2024-10-12T01:03:47","modified_gmt":"2024-10-11T23:03:47","slug":"akg-c214-microphone-de-studio-statique-cardioide-noir-stagg-3-m-cable-microphone-xlr-xlr-de-haute-qualite-noir","status":"publish","type":"product","link":"https:\/\/decorstreaming.com\/?product=akg-c214-microphone-de-studio-statique-cardioide-noir-stagg-3-m-cable-microphone-xlr-xlr-de-haute-qualite-noir","title":{"rendered":"AKG C214 Microphone de Studio Statique Cardio\u00efde Noir &#038; Stagg 3 m C\u00e2ble Microphone XLR &#8211; XLR de Haute Qualit\u00e9 &#8211; Noir"},"content":{"rendered":"<p>Prix: <span style=\"color:#b12704\"><del>400,50\u20ac<\/del> - 389,94\u20ac<\/span><br \/>\n <span>AKG C214 Microphone de Studio Statique Cardio\u00efde Noir<br \/>C214 &#8211; Micro studio cardio\u00efde &#8211; livr\u00e9 avec suspension &#8211; Gamme de Fr\u00e9quences : 20 Hz &#8211; 20 kHz Diagramme Polaire : Cardio\u00efde Sensibilit\u00e9: 20 mV\/Pa Imp\u00e9dance: 200 \u03a9 Pression Maxi : 136\/156 dB 0,5% DHT (0\/-20 dB) Rapport S\/B : 81 dB-A Bruit \u00e9quivalent : 13 dB-A IEC60268-4 Att\u00e9nuateur : 0\/-20 dB commutable Filtre : 160 Hz, 6 dB\/oct., commutable Dimensions : \u00f8 55 x 160 mm Poids : 280 g<\/p>\n<p>Stagg 3 m C\u00e2ble Microphone XLR &#8211; XLR de Haute Qualit\u00e9 &#8211; Noir<br \/>c bles micro standard XLRF \/ XLRM Noir ROHS conforme Longueurs 1 3 6 10 et 15 m\u00e8tres Fabriqu\u00e9 \u00e0 partir de mat\u00e9riaux de qualit\u00e9 Mark Stagg<\/span>  <br \/>produit 1: Bruit \u00e9quivalent : 13 dB-A IEC60268-4Att\u00e9nuateur : 0\/-20 dB commutableFiltre : 160 Hz, 6 dB\/oct., commutableDimensions : \u00f8 55 x 160 mmPoids : 280 g<br \/>produit 1: Bruit \u00e9quivalent : 13 dB-A IEC60268-4Att\u00e9nuateur : 0\/-20 dB commutableFiltre : 160 Hz, 6 dB\/oct., commutableDimensions : \u00f8 55 x 160 mmPoids : 280 g<br \/>produit 2: C ble microphone standard<br \/>produit 2: Longueur 3 m<br \/>produit 2: C ble noir<br \/>produit 2: Conforme \u00e0 la directive europ\u00e9enne RoHS<\/p>\n","protected":false},"excerpt":{"rendered":"<p>Prix: AKG C214 Microphone de Studio Statique Cardio\u00efde NoirC214 &#8211; Micro studio cardio\u00efde &#8211; livr\u00e9 avec suspension &#8211; Gamme de Fr\u00e9quences : 20 Hz &#8211; 20 kHz Diagramme Polaire : Cardio\u00efde Sensibilit\u00e9: 20 mV\/Pa Imp\u00e9dance: 200 \u03a9 Pression Maxi : 136\/156 dB 0,5% DHT (0\/-20 dB) Rapport S\/B : 81 dB-A Bruit \u00e9quivalent : 13&hellip;<\/p>\n","protected":false},"featured_media":3107,"comment_status":"open","ping_status":"closed","template":"","meta":{"_gspb_post_css":"","_monsterinsights_skip_tracking":false,"_monsterinsights_sitenote_active":false,"_monsterinsights_sitenote_note":"","_monsterinsights_sitenote_category":0},"product_cat":[67],"product_tag":[],"class_list":{"0":"post-3106","1":"product","2":"type-product","3":"status-publish","4":"has-post-thumbnail","6":"product_cat-micros","8":"first","9":"instock","10":"sale","11":"shipping-taxable","12":"product-type-external","13":"add-to-wishlist-after_add_to_cart","14":"col-xs-6 col-sm-4","15":"col-md-3 col-lg-3","16":"un-4-cols"},"aioseo_notices":[],"_links":{"self":[{"href":"https:\/\/decorstreaming.com\/index.php?rest_route=\/wp\/v2\/product\/3106","targetHints":{"allow":["GET"]}}],"collection":[{"href":"https:\/\/decorstreaming.com\/index.php?rest_route=\/wp\/v2\/product"}],"about":[{"href":"https:\/\/decorstreaming.com\/index.php?rest_route=\/wp\/v2\/types\/product"}],"replies":[{"embeddable":true,"href":"https:\/\/decorstreaming.com\/index.php?rest_route=%2Fwp%2Fv2%2Fcomments&post=3106"}],"wp:featuredmedia":[{"embeddable":true,"href":"https:\/\/decorstreaming.com\/index.php?rest_route=\/wp\/v2\/media\/3107"}],"wp:attachment":[{"href":"https:\/\/decorstreaming.com\/index.php?rest_route=%2Fwp%2Fv2%2Fmedia&parent=3106"}],"wp:term":[{"taxonomy":"product_cat","embeddable":true,"href":"https:\/\/decorstreaming.com\/index.php?rest_route=%2Fwp%2Fv2%2Fproduct_cat&post=3106"},{"taxonomy":"product_tag","embeddable":true,"href":"https:\/\/decorstreaming.com\/index.php?rest_route=%2Fwp%2Fv2%2Fproduct_tag&post=3106"}],"curies":[{"name":"wp","href":"https:\/\/api.w.org\/{rel}","templated":true}]}}