{"id":3101,"date":"2024-10-11T20:14:55","date_gmt":"2024-10-11T18:14:55","guid":{"rendered":"https:\/\/decorstreaming.com\/?product=intel-xeon-4116-processeur-21-ghz-165-mo-l3-boite"},"modified":"2024-10-11T20:14:55","modified_gmt":"2024-10-11T18:14:55","slug":"intel-xeon-4116-processeur-21-ghz-165-mo-l3-boite","status":"publish","type":"product","link":"https:\/\/decorstreaming.com\/?product=intel-xeon-4116-processeur-21-ghz-165-mo-l3-boite","title":{"rendered":"Intel Xeon 4116 processeur 2,1 GHz 16,5 Mo L3 Bo\u00eete"},"content":{"rendered":"<p>Prix: <span style=\"color:#b12704\">296,50\u00a0\u20ac<\/span><br \/>\n <span>Technologie de virtualisation Intel\u00ae pour les E\/S r\u00e9parties (VT-d) \u2021. La technologie de virtualisation Intel\u00ae VT pour les E\/S r\u00e9partis (VT-d) prolonge la prise en charge existante de la technologie de virtualisation Intel\u00ae VT pour IA-32 (VT-x) et Itanium\u00ae (VT-i) en ajoutant une nouvelle prise en charge pour la virtualisation des p\u00e9riph\u00e9riques d&rsquo;E\/S. La technologie de virtualisation Intel\u00ae VT pour les E\/S r\u00e9partis peut aider les utilisateurs \u00e0 am\u00e9liorer la s\u00e9curit\u00e9 et la fiabilit\u00e9 de leurs syst\u00e8mes, ainsi que les performances des p\u00e9riph\u00e9riques d&rsquo;E\/S dans les environnements virtualis\u00e9s. Technologie de virtualisation Intel\u00ae (VT-x) \u2021. La technologie de virtualisation Intel\u00ae VT (VT-x) autorise une plate-forme mat\u00e9rielle \u00e0 se scinder en plusieurs plates-formes virtuelles. Elle permet de renforcer la facilit\u00e9 d&rsquo;administration du parc, afin de limiter les interruptions de service et emp\u00eacher les baisses de productivit\u00e9 qui en d\u00e9couleraient, en isolant les op\u00e9rations concern\u00e9es sur une partition ad hoc. Intel\u00ae 64 \u2021. L&rsquo;architecture Intel\u00ae 64 assure des calculs sur 64 bits sur des serveurs, des stations de travail, des PC et des mobiles lorsque la plate-forme est combin\u00e9e avec des logiciels compatibles.\u00b9 L&rsquo;architecture Intel\u00ae 64 am\u00e9liore les performances en permettant aux syst\u00e8mes de d\u00e9passer la barri\u00e8re des 4 Go pour adresser la m\u00e9moire virtuelle et physique. Technologie Intel\u00ae Turbo Boost \u2021. La technologie Intel\u00ae Turbo Boost augmente en dynamique la fr\u00e9quence du processeur selon les besoins, en tirant parti de la r\u00e9serve thermique et \u00e9lectrique pour apporter un surplus de vitesse quand le besoin s&rsquo;en fait sentir et une meilleure efficacit\u00e9 \u00e9nerg\u00e9tique dans le cas contraire. Technologie Intel\u00ae Hyper-Threading \u2021. La technologie Intel\u00ae Hyper-Threading fournit deux unit\u00e9s d&rsquo;ex\u00e9cution par c\u0153ur physique. Les applications multi-processus peuvent abattre plus de travail en parall\u00e8le et ainsi terminer plus rapidement les t\u00e2ches. Admissibilit\u00e9 de la plate-forme Intel\u00ae vPro\u2122 \u2021. La plate-forme Intel vPro\u00ae est un ensemble de mat\u00e9riel et de technologies utilis\u00e9s pour construire des points de terminaison informatiques d&rsquo;entreprise offrant des performances haut de gamme, une s\u00e9curit\u00e9 int\u00e9gr\u00e9e, une g\u00e9rabilit\u00e9 moderne et une plate-forme de grande stabilit\u00e9. . . Technologie de virtualisation Intel\u00ae VT-x avec tables de pagination (Extended Page Tables) \u2021. La technologie de virtualisation Intel\u00ae VT (VT-x) avec tables de pagination (Extended Page Tables), \u00e9galement appel\u00e9e SLAT (Second Level Address Translation), acc\u00e9l\u00e8re les applications virtualis\u00e9es qui sollicitent fortement la m\u00e9moire. Extended Page Tables sur les plates-formes de la technologie de virtualisation Intel\u00ae r\u00e9duit les frais li\u00e9s \u00e0 la m\u00e9moire et \u00e0 la consommation d&rsquo;\u00e9nergie, tout en augmentant la dur\u00e9e de vie de la batterie gr\u00e2ce \u00e0 une optimisation mat\u00e9rielle de la gestion des tables de pagination. M\u00e9moire Intel\u00ae Optane\u2122 prise en charge \u2021. La m\u00e9moire Intel\u00ae Optane\u2122 est une nouvelle classe r\u00e9volutionnaire de m\u00e9moire r\u00e9manente qui se trouve entre la m\u00e9moire syst\u00e8me et le stockage pour acc\u00e9l\u00e9rer les performances et la r\u00e9activit\u00e9 du syst\u00e8me. Lorsqu&rsquo;elle est associ\u00e9e au pilote de la technologie de stockage Intel\u00ae Rapid, elle g\u00e8re de mani\u00e8re transparente plusieurs niveaux de stockage tout en pr\u00e9sentant un lecteur virtuel au SE, assurant que les donn\u00e9es les plus utilis\u00e9es sont h\u00e9berg\u00e9es sur le niveau de stockage le plus rapide. La m\u00e9moire Intel\u00ae Optane\u2122 n\u00e9cessite une configuration mat\u00e9rielle et logicielle sp\u00e9cifique. Consultez pour obtenir les exigences de configuration. Technologie Intel SpeedStep\u00ae am\u00e9lior\u00e9e. La technologie Intel SpeedStep\u00ae am\u00e9lior\u00e9e est un moyen sophistiqu\u00e9 de permettre des performances \u00e9lev\u00e9es tout en r\u00e9pondant aux besoins des syst\u00e8mes mobiles en conservation de l&rsquo;\u00e9nergie. La technologie Intel SpeedStep\u00ae classique permute ensemble la tension et la fr\u00e9quence entre des niveaux \u00e9lev\u00e9s et faibles en fonction de la charge processeur. La technologie Intel SpeedStep\u00ae am\u00e9lior\u00e9e s&rsquo;appuie sur cette architecture et utilise des strat\u00e9gies de conception telles que la s\u00e9paration entre les changements de tension et de fr\u00e9quence, et le partitionnement et la r\u00e9cup\u00e9ration d&rsquo;horloge. Technologies Intel\u00ae Speed Shift. La technologie Intel\u00ae Speed Shift utilise des \u00e9tats P contr\u00f4l\u00e9s par le mat\u00e9riel pour acc\u00e9l\u00e9rer consid\u00e9rablement la r\u00e9activit\u00e9 avec des charges de travail transitoires (de faible dur\u00e9e) \u00e0 thread unique, comme la navigation Web, en permettant au processeur de s\u00e9lectionner plus rapidement la meilleure fr\u00e9quence de fonctionnement et tension permettant d&rsquo;obtenir des performances et l&rsquo;efficacit\u00e9 \u00e9nerg\u00e9tique optimales. Extensions au jeu d&rsquo;instructions. Extensions au jeu d&rsquo;instructions d\u00e9signe les instructions suppl\u00e9mentaires permettant d&rsquo;am\u00e9liorer les performances lorsque les m\u00eames op\u00e9rations sont r\u00e9alis\u00e9es sur plusieurs objets de donn\u00e9es. Ces extensions peuvent comprendre les SSE (Streaming SIMD Extensions) et les AVX (Advanced Vector Extensions). Technologie Intel\u00ae Turbo Boost Max 3.0 \u2021. La technologie Intel\u00ae Turbo Boost Max 3.0 identifie le ou les c\u0153urs les plus performants sur un processeur et fournit des performances accrues sur ce or ces c\u0153urs en augmentant la fr\u00e9quence au besoin en tirant parti de la r\u00e9serve thermique et \u00e9lectrique. Nombre d&rsquo;unit\u00e9s FMA AVX-512. Intel\u00ae Advanced Vector Extensions 512 (AVX-512), les nouvelles extensions du jeu d&rsquo;instructions, offrent des capacit\u00e9s d&rsquo;op\u00e9rations vectorielles ultra larges (512 bits), avec jusqu&rsquo;\u00e0 2 FMA (instructions Fused Multiply Add), pour acc\u00e9l\u00e9rer les performances de vos t\u00e2ches de calcul les plus exigeantes. Intel\u00ae Volume Management Device (VMD). Intel\u00ae Volume Management Device (VMD) fournit une m\u00e9thode commune robuste permettant de g\u00e9rer la permutation sous tension et les DEL des unit\u00e9s de stockage SSD NVMe. Intel\u00ae Transactional Synchronization Extensions \u2013 New Instructions. Intel\u00ae Transactional Synchronization Extensions New Instructions (les nouvelles instructions concernant les extensions de synchronisation transactionnelles Intel\u00ae) d\u00e9signent un ensemble d&rsquo;instructions ax\u00e9es sur l&rsquo;\u00e9chelonnage des performances multithread. Cette technologie permet d&rsquo;am\u00e9liorer l&rsquo;efficacit\u00e9 des op\u00e9rations parall\u00e8les gr\u00e2ce \u00e0 un meilleur contr\u00f4le du verrouillage des logiciels.<\/span>  <br \/>Poids du colis de l&rsquo;article : 0.181 kg<br \/>Fabriqu\u00e9 en Chine<br \/>Couleur : Multicolore<\/p>\n","protected":false},"excerpt":{"rendered":"<p>Prix: Technologie de virtualisation Intel\u00ae pour les E\/S r\u00e9parties (VT-d) \u2021. La technologie de virtualisation Intel\u00ae VT pour les E\/S r\u00e9partis (VT-d) prolonge la prise en charge existante de la technologie de virtualisation Intel\u00ae VT pour IA-32 (VT-x) et Itanium\u00ae (VT-i) en ajoutant une nouvelle prise en charge pour la virtualisation des p\u00e9riph\u00e9riques d&rsquo;E\/S. La&hellip;<\/p>\n","protected":false},"featured_media":3102,"comment_status":"open","ping_status":"closed","template":"","meta":{"_gspb_post_css":"","_monsterinsights_skip_tracking":false,"_monsterinsights_sitenote_active":false,"_monsterinsights_sitenote_note":"","_monsterinsights_sitenote_category":0},"product_cat":[70],"product_tag":[],"class_list":{"0":"post-3101","1":"product","2":"type-product","3":"status-publish","4":"has-post-thumbnail","6":"product_cat-pc-streaming","8":"first","9":"instock","10":"shipping-taxable","11":"product-type-external","12":"add-to-wishlist-after_add_to_cart","13":"col-xs-6 col-sm-4","14":"col-md-3 col-lg-3","15":"un-4-cols"},"aioseo_notices":[],"_links":{"self":[{"href":"https:\/\/decorstreaming.com\/index.php?rest_route=\/wp\/v2\/product\/3101","targetHints":{"allow":["GET"]}}],"collection":[{"href":"https:\/\/decorstreaming.com\/index.php?rest_route=\/wp\/v2\/product"}],"about":[{"href":"https:\/\/decorstreaming.com\/index.php?rest_route=\/wp\/v2\/types\/product"}],"replies":[{"embeddable":true,"href":"https:\/\/decorstreaming.com\/index.php?rest_route=%2Fwp%2Fv2%2Fcomments&post=3101"}],"wp:featuredmedia":[{"embeddable":true,"href":"https:\/\/decorstreaming.com\/index.php?rest_route=\/wp\/v2\/media\/3102"}],"wp:attachment":[{"href":"https:\/\/decorstreaming.com\/index.php?rest_route=%2Fwp%2Fv2%2Fmedia&parent=3101"}],"wp:term":[{"taxonomy":"product_cat","embeddable":true,"href":"https:\/\/decorstreaming.com\/index.php?rest_route=%2Fwp%2Fv2%2Fproduct_cat&post=3101"},{"taxonomy":"product_tag","embeddable":true,"href":"https:\/\/decorstreaming.com\/index.php?rest_route=%2Fwp%2Fv2%2Fproduct_tag&post=3101"}],"curies":[{"name":"wp","href":"https:\/\/api.w.org\/{rel}","templated":true}]}}