{"id":2735,"date":"2024-10-08T10:36:13","date_gmt":"2024-10-08T08:36:13","guid":{"rendered":"https:\/\/decorstreaming.com\/?product=blue-microphones-yeti-micro-usb-pour-enregistrer-streaming-gaming-podcast-micro-gaming-condensateur-noir-blue-microphones-radius-iii-support-antichoc-micro-pour-micro-blue-yeti-et-yeti-pro-usb"},"modified":"2024-10-08T10:36:13","modified_gmt":"2024-10-08T08:36:13","slug":"blue-microphones-yeti-micro-usb-pour-enregistrer-streaming-gaming-podcast-micro-gaming-condensateur-noir-blue-microphones-radius-iii-support-antichoc-micro-pour-micro-blue-yeti-et-yeti-pro-usb","status":"publish","type":"product","link":"https:\/\/decorstreaming.com\/?product=blue-microphones-yeti-micro-usb-pour-enregistrer-streaming-gaming-podcast-micro-gaming-condensateur-noir-blue-microphones-radius-iii-support-antichoc-micro-pour-micro-blue-yeti-et-yeti-pro-usb","title":{"rendered":"Blue Microphones Yeti, Micro USB pour Enregistrer, Streaming, Gaming, Podcast, Micro Gaming condensateur- Noir &#038; Blue Microphones Radius III Support Antichoc Micro pour Micro Blue Yeti et Yeti Pro USB"},"content":{"rendered":"<p>Prix: <span style=\"color:#b12704\"><del>214,98\u20ac<\/del> - 201,98\u20ac<\/span><br \/>\n<span>Blue Microphones Yeti, Micro USB pour Enregistrer, Streaming, Gaming, Podcast, Micro PC &amp; Mac, Micro Gaming condensateur, Micro PC &amp; Mac avec Effets Blue VO!CE, Support ajustable, Plug and Play &#8211; Noir<br \/>\n            Blue Yeti USB Mic Yeti est un microphone USB premium, produisant une qualit\u00e9 sonore de diffusion, claire, puissante pour la musique, podcasts, streaming Twitch, vid\u00e9os YouTube et appels Zoom. Avec le logiciel avanc\u00e9 Blue VO!CE*, Yeti rend la qualit\u00e9 sonore streaming professionnelle plus facile d&rsquo;acc\u00e8s avec des effets vocaux de diffusion am\u00e9lior\u00e9s, une modulation de voix avanc\u00e9e et extraits audio HD. Quatre modes de directivit\u00e9 offrent une flexibilit\u00e9 id\u00e9ale, vous permettant d&rsquo;enregistrer et diffuser d&rsquo;une fa\u00e7on qui normalement requiert de multiples microphones. Yeti, comprend aussi des contr\u00f4les studio pour le volume des \u00e9couteurs, s\u00e9lection de directivit\u00e9, coupure du son et gain microphone qui vous laisse en charge du processus d&rsquo;enregistrement. Installez en quelques secondes avec le support bureau inclus ou connectez directement au support micro ou bras articul\u00e9. *T\u00e9l\u00e9chargement et installation de Logitech G HUB requis D\u00e9tails produits :<br \/>\n            Poids (microphone) : 0,55 kg<br \/>\n            Poids (support) : 1 kg<br \/>\n            Dimensions (redress\u00e9 sur le socle) : 12 cm x 12,5 cm x 29,5 cm<br \/>\n            Capsules : 3 capsules \u00e9lectrostatiques exclusives Blue de 14 mm<br \/>\n            Diagrammes polaires : cardio\u00efde, bidirectionnel, omnidirectionnel, st\u00e9r\u00e9o<br \/>\n            R\u00e9ponse en fr\u00e9quence : 20 Hz &#8211; 20 kHz<br \/>\n            Sensibilit\u00e9 : 4.5mV\/Pa (1 kHz)<br \/>\n            Compatibilit\u00e9 plateforme : YouTube, Twitch, XSplit, Discord, Skype, GoToMeeting, Soundcloud, OvrStream, Audacity, iMovie, Pro Tools, GarageBand<br \/>\n            Syst\u00e8me requis : Windows 10 ou version ult\u00e9rieure, macOS 10.13 ou version ult\u00e9rieure, Port USB 1.1\/2.0\/3.0<br \/>\n            Contenu du paquet : micro usb Yeti avec support bureau, c\u00e2ble USB<\/p>\n<p>            Blue Microphones Radius III Support Antichoc Micro pour Micro Blue Yeti et Yeti Pro USB, Compatible avec Support Micros Standard et Tous les Micros ou Micros avec Pince de Micro \u00e0 Filetage Standard<br \/>\n            Blue Radius III Support Microphone Personnalis\u00e9 Le support antichoc sur mesure Radius III de style vintage est con\u00e7u pour isoler les microphones USB Yeti du bruit, du choc et des vibrations ambiantes. Radius III b\u00e9n\u00e9ficie d&rsquo;un nouveau design \u00e9pur\u00e9, all\u00e9g\u00e9, parfait pour le streaming vid\u00e9o Enregistrer un son pur avec le support Radius III pour prot\u00e9ger votre microphone des bruits de fond. Produisez des enregistrements de qualit\u00e9 professionnelle pour vos podcasts, streaming sur Twitch, voix off et plus. Combinez Radius III avec le micro Yeti et le bras articul\u00e9 Compass pour cr\u00e9er une installation ultime de home studio D\u00e9tails Produit : L\u00e9ger Suspension antichoc au style vintage Compatible avec tous les pieds de micro standard Compatible avec n&rsquo;importe quel microphone ou clip micro avec une fixation \u00e0 filetage standard.<br \/>\n            Blue Radius III est un support de suspension vintage con\u00e7u pour isoler les microphones USB Yeti et Yeti Pro du bruit, des chocs et des vibrations ambiantes. Son design simplifi\u00e9 et l\u00e9ger est id\u00e9al pour le streaming sur cam\u00e9ra. Con\u00e7u sur mesure pour les microphones Yeti et Yeti Pro, Radius III est compatible avec les supports de microphone standard et fonctionne aussi avec presque tous les microphones ou fixations de microphone dot\u00e9s d&rsquo;un support de filetage standard. Radius III est le compagnon id\u00e9al pour profiter au mieux de votre micro USB Yeti ou Yeti Pro car il permet \u00e0 vos enregistrements et \u00e0 vos diffusion en direct de passer au niveau sup\u00e9rieur.<\/span><br \/>produit 1: Logiciel Blue VO!CE : Elevez vos streamings et enregistrements avec un son de voix claire et divertissez votre audience avec des effets am\u00e9lior\u00e9s, modulations avanc\u00e9es et extraits audio HD<br \/>produit 1: Quatre modes de directivit\u00e9 : cardio\u00efde, st\u00e9r\u00e9o, omnidirectionnel, bidirectionnel. Enregistrez d&rsquo;une fa\u00e7on qui normalement demande de multiples micros, pour les voix, instruments et podcasts<br \/>produit 1: Contr\u00f4le audio int\u00e9gr\u00e9 : volume \u00e9couteurs, s\u00e9lection directivit\u00e9, coupure du son, de gain, vous \u00eates en charge de tous les niveaux d&rsquo;enregistrement d&rsquo;audio et processus de streaming<br \/>produit 2: Le support personnalis\u00e9 Blue Radius III est con\u00e7u sp\u00e9cialement pour les microphones Yeti et Yeti Pro, suspension au style vintage pour isoler le micro du bruits, chocs et vibrations ambiantes<br \/>produit 2: R\u00e9haussez vos enregistrements avec Radius III support personnalis\u00e9 pour prot\u00e9ger votre micro des bruits de fond, am\u00e9liorez la qualit\u00e9 de son des podcasts, Twitch streaming, voix off et diffusion<br \/>produit 2: Ce support de micro universel amortit le micro avec style et est con\u00e7u avec un nouveau design l\u00e9ger et \u00e9pur\u00e9 pens\u00e9 pour les streaming live film\u00e9s<br \/>produit 2: Compatible avec les supports de micro standard, Radius III peut \u00eatre utilis\u00e9 avec tous les microphones et pince \u00e0 micro avec filetage standard<\/p>\n","protected":false},"excerpt":{"rendered":"<p>Prix: Blue Microphones Yeti, Micro USB pour Enregistrer, Streaming, Gaming, Podcast, Micro PC &amp; Mac, Micro Gaming condensateur, Micro PC &amp; Mac avec Effets Blue VO!CE, Support ajustable, Plug and Play &#8211; Noir Blue Yeti USB Mic Yeti est un microphone USB premium, produisant une qualit\u00e9 sonore de diffusion, claire, puissante pour la musique, podcasts,&hellip;<\/p>\n","protected":false},"featured_media":2736,"comment_status":"open","ping_status":"closed","template":"","meta":{"_gspb_post_css":"","_monsterinsights_skip_tracking":false,"_monsterinsights_sitenote_active":false,"_monsterinsights_sitenote_note":"","_monsterinsights_sitenote_category":0},"product_cat":[67],"product_tag":[],"class_list":{"0":"post-2735","1":"product","2":"type-product","3":"status-publish","4":"has-post-thumbnail","6":"product_cat-micros","8":"first","9":"instock","10":"sale","11":"shipping-taxable","12":"product-type-external","13":"add-to-wishlist-after_add_to_cart","14":"col-xs-6 col-sm-4","15":"col-md-3 col-lg-3","16":"un-4-cols"},"aioseo_notices":[],"_links":{"self":[{"href":"https:\/\/decorstreaming.com\/index.php?rest_route=\/wp\/v2\/product\/2735","targetHints":{"allow":["GET"]}}],"collection":[{"href":"https:\/\/decorstreaming.com\/index.php?rest_route=\/wp\/v2\/product"}],"about":[{"href":"https:\/\/decorstreaming.com\/index.php?rest_route=\/wp\/v2\/types\/product"}],"replies":[{"embeddable":true,"href":"https:\/\/decorstreaming.com\/index.php?rest_route=%2Fwp%2Fv2%2Fcomments&post=2735"}],"wp:featuredmedia":[{"embeddable":true,"href":"https:\/\/decorstreaming.com\/index.php?rest_route=\/wp\/v2\/media\/2736"}],"wp:attachment":[{"href":"https:\/\/decorstreaming.com\/index.php?rest_route=%2Fwp%2Fv2%2Fmedia&parent=2735"}],"wp:term":[{"taxonomy":"product_cat","embeddable":true,"href":"https:\/\/decorstreaming.com\/index.php?rest_route=%2Fwp%2Fv2%2Fproduct_cat&post=2735"},{"taxonomy":"product_tag","embeddable":true,"href":"https:\/\/decorstreaming.com\/index.php?rest_route=%2Fwp%2Fv2%2Fproduct_tag&post=2735"}],"curies":[{"name":"wp","href":"https:\/\/api.w.org\/{rel}","templated":true}]}}