{"id":2720,"date":"2024-10-08T07:55:47","date_gmt":"2024-10-08T05:55:47","guid":{"rendered":"https:\/\/decorstreaming.com\/?product=intel-core-i7-4790k-processeur-bx80646i74790k-reconditionne"},"modified":"2024-10-08T07:55:47","modified_gmt":"2024-10-08T05:55:47","slug":"intel-core-i7-4790k-processeur-bx80646i74790k-reconditionne","status":"publish","type":"product","link":"https:\/\/decorstreaming.com\/?product=intel-core-i7-4790k-processeur-bx80646i74790k-reconditionne","title":{"rendered":"Intel Core i7-4790K Processeur BX80646I74790K (Reconditionn\u00e9)"},"content":{"rendered":"<p>Prix: <span style=\"color:#b12704\">179,99\u20ac<\/span><br \/>\n <span>Synchronisation rapide de la vid\u00e9o permettant une conversion vid\u00e9o plus rapide. Prend en charge la prise LGA 1150<\/span>  <br \/>Non compatible avec les cartes m\u00e8res Z87 ou Intel<br \/>Intel Technologie de stockage rapide<br \/>Processeur avec multiplicateur d&rsquo;horloge d\u00e9bloqu\u00e9<br \/>Synchronisation rapide de la vid\u00e9o permettant une conversion vid\u00e9o plus rapide. Prend en charge la prise LGA 1150<\/p>\n","protected":false},"excerpt":{"rendered":"<p>Prix: Synchronisation rapide de la vid\u00e9o permettant une conversion vid\u00e9o plus rapide. Prend en charge la prise LGA 1150 Non compatible avec les cartes m\u00e8res Z87 ou IntelIntel Technologie de stockage rapideProcesseur avec multiplicateur d&rsquo;horloge d\u00e9bloqu\u00e9Synchronisation rapide de la vid\u00e9o permettant une conversion vid\u00e9o plus rapide. Prend en charge la prise LGA 1150<\/p>\n","protected":false},"featured_media":2721,"comment_status":"open","ping_status":"closed","template":"","meta":{"_gspb_post_css":"","_monsterinsights_skip_tracking":false,"_monsterinsights_sitenote_active":false,"_monsterinsights_sitenote_note":"","_monsterinsights_sitenote_category":0},"product_cat":[70],"product_tag":[],"class_list":{"0":"post-2720","1":"product","2":"type-product","3":"status-publish","4":"has-post-thumbnail","6":"product_cat-pc-streaming","8":"first","9":"instock","10":"shipping-taxable","11":"product-type-external","12":"add-to-wishlist-after_add_to_cart","13":"col-xs-6 col-sm-4","14":"col-md-3 col-lg-3","15":"un-4-cols"},"aioseo_notices":[],"_links":{"self":[{"href":"https:\/\/decorstreaming.com\/index.php?rest_route=\/wp\/v2\/product\/2720","targetHints":{"allow":["GET"]}}],"collection":[{"href":"https:\/\/decorstreaming.com\/index.php?rest_route=\/wp\/v2\/product"}],"about":[{"href":"https:\/\/decorstreaming.com\/index.php?rest_route=\/wp\/v2\/types\/product"}],"replies":[{"embeddable":true,"href":"https:\/\/decorstreaming.com\/index.php?rest_route=%2Fwp%2Fv2%2Fcomments&post=2720"}],"wp:featuredmedia":[{"embeddable":true,"href":"https:\/\/decorstreaming.com\/index.php?rest_route=\/wp\/v2\/media\/2721"}],"wp:attachment":[{"href":"https:\/\/decorstreaming.com\/index.php?rest_route=%2Fwp%2Fv2%2Fmedia&parent=2720"}],"wp:term":[{"taxonomy":"product_cat","embeddable":true,"href":"https:\/\/decorstreaming.com\/index.php?rest_route=%2Fwp%2Fv2%2Fproduct_cat&post=2720"},{"taxonomy":"product_tag","embeddable":true,"href":"https:\/\/decorstreaming.com\/index.php?rest_route=%2Fwp%2Fv2%2Fproduct_tag&post=2720"}],"curies":[{"name":"wp","href":"https:\/\/api.w.org\/{rel}","templated":true}]}}