{"id":2585,"date":"2024-10-07T20:46:10","date_gmt":"2024-10-07T18:46:10","guid":{"rendered":"https:\/\/decorstreaming.com\/?product=g203-prodigy-rgb-filaire-gaming-mouse-noir-certifie-reconditionne"},"modified":"2024-10-07T20:46:10","modified_gmt":"2024-10-07T18:46:10","slug":"g203-prodigy-rgb-filaire-gaming-mouse-noir-certifie-reconditionne","status":"publish","type":"product","link":"https:\/\/decorstreaming.com\/?product=g203-prodigy-rgb-filaire-gaming-mouse-noir-certifie-reconditionne","title":{"rendered":"G203 Prodigy RGB Filaire Gaming Mouse \u2013 Noir (certifi\u00e9 reconditionn\u00e9)"},"content":{"rendered":"<p>Prix: <span style=\"color:#b12704\">34,90\u20ac<\/span><br \/>\n <span>Jouer \u00e0 votre plein potentiel en \u00e9tant plus pr\u00e9cis que vous avez jamais \u00e9t\u00e9 auparavant. g203 prodigy est construit autour du capteur de pointe de Logitech 6000 dpi. Cartes performance assure une r\u00e9ponse quasi aux mouvements et aux clics. Choisissez le nom de votre \u00e9clairage jusqu&rsquo;\u00e0 16,8 millions de couleurs.*<\/span>  <br \/>Bouton avanc\u00e9 tendeur r\u00e9duit la force n\u00e9cessaire pour cliquez sur les boutons gauche et droite et offre des performances exceptionnelles sur sentir, r\u00e9ponse et la coh\u00e9rence<br \/>Design classique inspir\u00e9 de la souris Logitech g100s, un favori des joueurs et esports pros du monde entier, repens\u00e9 et optimis\u00e9 pour les jeux et une polyvalence au quotidien, la durabilit\u00e9 et le confort<br \/>Pointe de 6000 dpi capteur vous offre une incroyable pr\u00e9cision, vitesse de suivi, la coh\u00e9rence et le contr\u00f4le, peu importe votre style de jeu<\/p>\n","protected":false},"excerpt":{"rendered":"<p>Prix: Jouer \u00e0 votre plein potentiel en \u00e9tant plus pr\u00e9cis que vous avez jamais \u00e9t\u00e9 auparavant. g203 prodigy est construit autour du capteur de pointe de Logitech 6000 dpi. Cartes performance assure une r\u00e9ponse quasi aux mouvements et aux clics. Choisissez le nom de votre \u00e9clairage jusqu&rsquo;\u00e0 16,8 millions de couleurs.* Bouton avanc\u00e9 tendeur r\u00e9duit&hellip;<\/p>\n","protected":false},"featured_media":2586,"comment_status":"open","ping_status":"closed","template":"","meta":{"_gspb_post_css":"","_monsterinsights_skip_tracking":false,"_monsterinsights_sitenote_active":false,"_monsterinsights_sitenote_note":"","_monsterinsights_sitenote_category":0},"product_cat":[71],"product_tag":[],"class_list":{"0":"post-2585","1":"product","2":"type-product","3":"status-publish","4":"has-post-thumbnail","6":"product_cat-clavier-souris-gaming","8":"first","9":"instock","10":"shipping-taxable","11":"product-type-external","12":"add-to-wishlist-after_add_to_cart","13":"col-xs-6 col-sm-4","14":"col-md-3 col-lg-3","15":"un-4-cols"},"aioseo_notices":[],"_links":{"self":[{"href":"https:\/\/decorstreaming.com\/index.php?rest_route=\/wp\/v2\/product\/2585","targetHints":{"allow":["GET"]}}],"collection":[{"href":"https:\/\/decorstreaming.com\/index.php?rest_route=\/wp\/v2\/product"}],"about":[{"href":"https:\/\/decorstreaming.com\/index.php?rest_route=\/wp\/v2\/types\/product"}],"replies":[{"embeddable":true,"href":"https:\/\/decorstreaming.com\/index.php?rest_route=%2Fwp%2Fv2%2Fcomments&post=2585"}],"wp:featuredmedia":[{"embeddable":true,"href":"https:\/\/decorstreaming.com\/index.php?rest_route=\/wp\/v2\/media\/2586"}],"wp:attachment":[{"href":"https:\/\/decorstreaming.com\/index.php?rest_route=%2Fwp%2Fv2%2Fmedia&parent=2585"}],"wp:term":[{"taxonomy":"product_cat","embeddable":true,"href":"https:\/\/decorstreaming.com\/index.php?rest_route=%2Fwp%2Fv2%2Fproduct_cat&post=2585"},{"taxonomy":"product_tag","embeddable":true,"href":"https:\/\/decorstreaming.com\/index.php?rest_route=%2Fwp%2Fv2%2Fproduct_tag&post=2585"}],"curies":[{"name":"wp","href":"https:\/\/api.w.org\/{rel}","templated":true}]}}