{"id":2481,"date":"2024-10-07T17:52:34","date_gmt":"2024-10-07T15:52:34","guid":{"rendered":"https:\/\/decorstreaming.com\/?product=berghaus-paclite-gore-tex-surpantalon-impermeable-leger-durable-ecologique-homme"},"modified":"2024-10-07T17:52:34","modified_gmt":"2024-10-07T15:52:34","slug":"berghaus-paclite-gore-tex-surpantalon-impermeable-leger-durable-ecologique-homme","status":"publish","type":"product","link":"https:\/\/decorstreaming.com\/?product=berghaus-paclite-gore-tex-surpantalon-impermeable-leger-durable-ecologique-homme","title":{"rendered":"Berghaus Paclite Gore-Tex Surpantalon Imperm\u00e9able L\u00e9ger Durable \u00c9cologique Homme"},"content":{"rendered":"<p>Prix: <span style=\"color:#b12704\">123,49\u20ac<\/span><br \/>\n<span>Les Gore-Tex Paclite Shells sont r\u00e9sistants, imperm\u00e9ables, r\u00e9sistants \u00e0 l&rsquo;\u00e9preuve du vent, respirent \u00e9norm\u00e9ment et sont l&rsquo;id\u00e9al quand le poids et l&rsquo;espace posent probl\u00e8me.Les micro-coutures avec patch thermo-soud\u00e9 et les fermetures \u00e9clair imperm\u00e9ables rendent ce pantalon compl\u00e8tement imperm\u00e9able ; id\u00e9al pour des conditions climatiques impr\u00e9vues et persistantes.Vous pouvez ouvrir les poches lat\u00e9rales de ventilation sur toute la longueur pour la facilit\u00e9 d&rsquo;utilisation et pour permettre de r\u00e9guler la temp\u00e9rature en cons\u00e9quence.Cela permet de maintenir le confort quels que soient vos efforts.Livr\u00e9 avec son sac en maille qui permet de le compresser et de le ranger facilement lorsque vous ne le portez pas<\/span><br \/>Rangement facile &#8211; La technologie paclite permet au tissu d&rsquo;\u00eatre pli\u00e9 dans un sac pratique en filet et de gagner en espace et en poids au sein de votre sac.<br \/>Travaillez dur, restez frais &#8211; les zips trois quarts lat\u00e9raux et r\u00e9sistants \u00e0 l&rsquo;eau favorisent l&rsquo;a\u00e9ration et permettent de retirer facilement le pantalon.<\/p>\n","protected":false},"excerpt":{"rendered":"<p>Prix: Les Gore-Tex Paclite Shells sont r\u00e9sistants, imperm\u00e9ables, r\u00e9sistants \u00e0 l&rsquo;\u00e9preuve du vent, respirent \u00e9norm\u00e9ment et sont l&rsquo;id\u00e9al quand le poids et l&rsquo;espace posent probl\u00e8me.Les micro-coutures avec patch thermo-soud\u00e9 et les fermetures \u00e9clair imperm\u00e9ables rendent ce pantalon compl\u00e8tement imperm\u00e9able ; id\u00e9al pour des conditions climatiques impr\u00e9vues et persistantes.Vous pouvez ouvrir les poches lat\u00e9rales de ventilation&hellip;<\/p>\n","protected":false},"featured_media":2482,"comment_status":"open","ping_status":"closed","template":"","meta":{"_gspb_post_css":"","_monsterinsights_skip_tracking":false,"_monsterinsights_sitenote_active":false,"_monsterinsights_sitenote_note":"","_monsterinsights_sitenote_category":0},"product_cat":[67],"product_tag":[],"class_list":{"0":"post-2481","1":"product","2":"type-product","3":"status-publish","4":"has-post-thumbnail","6":"product_cat-micros","8":"first","9":"instock","10":"shipping-taxable","11":"product-type-external","12":"add-to-wishlist-after_add_to_cart","13":"col-xs-6 col-sm-4","14":"col-md-3 col-lg-3","15":"un-4-cols"},"aioseo_notices":[],"_links":{"self":[{"href":"https:\/\/decorstreaming.com\/index.php?rest_route=\/wp\/v2\/product\/2481","targetHints":{"allow":["GET"]}}],"collection":[{"href":"https:\/\/decorstreaming.com\/index.php?rest_route=\/wp\/v2\/product"}],"about":[{"href":"https:\/\/decorstreaming.com\/index.php?rest_route=\/wp\/v2\/types\/product"}],"replies":[{"embeddable":true,"href":"https:\/\/decorstreaming.com\/index.php?rest_route=%2Fwp%2Fv2%2Fcomments&post=2481"}],"wp:featuredmedia":[{"embeddable":true,"href":"https:\/\/decorstreaming.com\/index.php?rest_route=\/wp\/v2\/media\/2482"}],"wp:attachment":[{"href":"https:\/\/decorstreaming.com\/index.php?rest_route=%2Fwp%2Fv2%2Fmedia&parent=2481"}],"wp:term":[{"taxonomy":"product_cat","embeddable":true,"href":"https:\/\/decorstreaming.com\/index.php?rest_route=%2Fwp%2Fv2%2Fproduct_cat&post=2481"},{"taxonomy":"product_tag","embeddable":true,"href":"https:\/\/decorstreaming.com\/index.php?rest_route=%2Fwp%2Fv2%2Fproduct_tag&post=2481"}],"curies":[{"name":"wp","href":"https:\/\/api.w.org\/{rel}","templated":true}]}}