{"id":2465,"date":"2024-10-07T17:42:17","date_gmt":"2024-10-07T15:42:17","guid":{"rendered":"https:\/\/decorstreaming.com\/?product=idmarket-bureau-droit-detroit-design-industriel"},"modified":"2024-10-07T17:42:17","modified_gmt":"2024-10-07T15:42:17","slug":"idmarket-bureau-droit-detroit-design-industriel","status":"publish","type":"product","link":"https:\/\/decorstreaming.com\/?product=idmarket-bureau-droit-detroit-design-industriel","title":{"rendered":"IDMarket &#8211; Bureau Droit Detroit Design Industriel"},"content":{"rendered":"<p>Prix: <span style=\"color:#b12704\">46,62<\/span><br \/>\n<span>Descriptif du bureau droit DETROIT design industrielLe design du bureau style industriel s&rsquo;inspire des usines et de leurs ateliers. Les constructions massives et les mat\u00e9riaux bruts caract\u00e9risent le monde industriel. Zoom sur l&rsquo;ADN de bureau industriel pas cher. Les lignes et le style \u00e9pur\u00e9 donnent \u00e0 votre int\u00e9rieur un aspect loft du meilleur effet. Votre bureau trouve rapidement sa place chez vous car vous pouvez l&rsquo;int\u00e9grer \u00e0 diff\u00e9rents styles d&rsquo;int\u00e9rieur en renfor\u00e7ant le c\u00f4t\u00e9 loft ou au contraire en donnant un peu de chaleur \u00e0 son design.Le bureau bois m\u00e9tal industriel est dot\u00e9 d&rsquo;un long plateau tr\u00e8s pratique en particules de bois d&rsquo;une longueur de 110 cm sur 60 cm de large. Il est id\u00e9al pour travailler confortablement, disposer vos pots \u00e0 crayons, trier vos documents sans g\u00eane et installer votre poste d&rsquo;ordinateur sur le large espace de travail.Fonctionnel, gr\u00e2ce \u00e0 sa colonne en bois maxi capacit\u00e9 soit 2 \u00e9tag\u00e8res, vous pouvez ranger vos livres, classeurs, bo\u00eetes de rangement, disposer vos objets de d\u00e9coration favoris et laisser libre votre espace de travail sur le bureau !Les plateaux de 15 mm d&rsquo;\u00e9paisseur sont soutenus par une solide structure m\u00e9tallique qui vous assure solidit\u00e9 et stabilit\u00e9 au quotidien. Les croisillons transversaux en m\u00e9tal d&rsquo;une longueur d&rsquo;1 m\u00e8tre apportent un renfort suppl\u00e9mentaire \u00e0 l&rsquo;\u00e9tag\u00e8re pour une stabilit\u00e9 optimale. La haute r\u00e9sistance des mat\u00e9riaux assure \u00e0 votre bureau une excellente dur\u00e9e de vie.Au-del\u00e0 de son c\u00f4t\u00e9 authentique et robuste, ses proportions g\u00e9n\u00e9reuses en font un bureau fonctionnel qui pourra s&rsquo;ins\u00e9rer dans les petits comme les grands espaces de vie.D\u00e9couvrez d\u00e8s maintenant les finitions particuli\u00e8rement soign\u00e9es du bureau industriel droit DETROIT \u00e0 prix mini.Sublimez votre int\u00e9rieur avec ses mat\u00e9riaux bruts, ses formes simples et l&rsquo;alliance du bois et du m\u00e9tal.Laissez entrer le style industriel si tendance dans votre int\u00e9rieur avec notre bureau bi-mati\u00e8re en m\u00e9t<\/span><br \/>Sa structure bois\/m\u00e9tal lui conf\u00e8re stabilit\u00e9 et robustesse, ainsi qu&rsquo;un look nature authentique !<br \/>Les 2 \u00e9tag\u00e8res pratiques sont id\u00e9ales pour le rangement de vos CD, livres, objets d\u00e9co !<br \/>Utilisez le long plateau 110 cm comme espace de travail ou base ordinateur, selon vos besoins !<br \/>Fonctionnel et d\u00e9co, sa ligne sobre et son d\u00e9cor croisillon s&rsquo;adapteront \u00e0 n&rsquo;importe quel endroit !<\/p>\n","protected":false},"excerpt":{"rendered":"<p>Prix: Descriptif du bureau droit DETROIT design industrielLe design du bureau style industriel s&rsquo;inspire des usines et de leurs ateliers. Les constructions massives et les mat\u00e9riaux bruts caract\u00e9risent le monde industriel. Zoom sur l&rsquo;ADN de bureau industriel pas cher. Les lignes et le style \u00e9pur\u00e9 donnent \u00e0 votre int\u00e9rieur un aspect loft du meilleur effet.&hellip;<\/p>\n","protected":false},"featured_media":2466,"comment_status":"open","ping_status":"closed","template":"","meta":{"_gspb_post_css":"","_monsterinsights_skip_tracking":false,"_monsterinsights_sitenote_active":false,"_monsterinsights_sitenote_note":"","_monsterinsights_sitenote_category":0},"product_cat":[64],"product_tag":[],"class_list":{"0":"post-2465","1":"product","2":"type-product","3":"status-publish","4":"has-post-thumbnail","6":"product_cat-meuble-deco","8":"first","9":"instock","10":"shipping-taxable","11":"product-type-external","12":"add-to-wishlist-after_add_to_cart","13":"col-xs-6 col-sm-4","14":"col-md-3 col-lg-3","15":"un-4-cols"},"aioseo_notices":[],"_links":{"self":[{"href":"https:\/\/decorstreaming.com\/index.php?rest_route=\/wp\/v2\/product\/2465","targetHints":{"allow":["GET"]}}],"collection":[{"href":"https:\/\/decorstreaming.com\/index.php?rest_route=\/wp\/v2\/product"}],"about":[{"href":"https:\/\/decorstreaming.com\/index.php?rest_route=\/wp\/v2\/types\/product"}],"replies":[{"embeddable":true,"href":"https:\/\/decorstreaming.com\/index.php?rest_route=%2Fwp%2Fv2%2Fcomments&post=2465"}],"wp:featuredmedia":[{"embeddable":true,"href":"https:\/\/decorstreaming.com\/index.php?rest_route=\/wp\/v2\/media\/2466"}],"wp:attachment":[{"href":"https:\/\/decorstreaming.com\/index.php?rest_route=%2Fwp%2Fv2%2Fmedia&parent=2465"}],"wp:term":[{"taxonomy":"product_cat","embeddable":true,"href":"https:\/\/decorstreaming.com\/index.php?rest_route=%2Fwp%2Fv2%2Fproduct_cat&post=2465"},{"taxonomy":"product_tag","embeddable":true,"href":"https:\/\/decorstreaming.com\/index.php?rest_route=%2Fwp%2Fv2%2Fproduct_tag&post=2465"}],"curies":[{"name":"wp","href":"https:\/\/api.w.org\/{rel}","templated":true}]}}