{"id":2088,"date":"2024-10-07T13:37:46","date_gmt":"2024-10-07T11:37:46","guid":{"rendered":"https:\/\/decorstreaming.com\/?product=blue-microphones-yeti-professional-usb-microphone-logitech-streamcam-webcam-de-streaming-en-direct"},"modified":"2024-10-07T13:37:46","modified_gmt":"2024-10-07T11:37:46","slug":"blue-microphones-yeti-professional-usb-microphone-logitech-streamcam-webcam-de-streaming-en-direct","status":"publish","type":"product","link":"https:\/\/decorstreaming.com\/?product=blue-microphones-yeti-professional-usb-microphone-logitech-streamcam-webcam-de-streaming-en-direct","title":{"rendered":"Blue Microphones Yeti Professional USB Microphone + Logitech StreamCam &#8211; Webcam de streaming en direct"},"content":{"rendered":"<p>Prix: <span style=\"color:#b12704\"><del>298,99\u20ac<\/del> - 226,98\u20ac<\/span><br \/>\n<br \/>Le micro Yeti a une unique technologie triple capsule qui capture quatre directivit\u00e9s, Cardio\u00efde, Bidirectionnel, Omnidirectionnel et St\u00e9r\u00e9o pour les besoins d&rsquo;enregistrements, streaming et gaming<br \/>Le logiciel d&rsquo;enregistrement PreSonus Studio One Artist Edition Blue Microphones vous donne des outils pros et des flux de travail intuitifs pour vous aider \u00e0 enregistrer et pour un streaming rapide<br \/>FULL HD 1080P : b\u00e9n\u00e9ficiez d\u2019une clart\u00e9 in\u00e9gal\u00e9e gr\u00e2ce \u00e0 une qualit\u00e9 Full HD 1080p \u00e0 60 fps. La StreamCam de Logitech est la r\u00e9f\u00e9rence en mati\u00e8re de streaming, pour les cr\u00e9ateurs et les spectateurs<br \/>CONNEXION USB-C : la StreamCam utilise une connexion USB Type-C pour des vitesses optimales de transfert vid\u00e9o. Reposez-vous sur une connexion rapide et fiable pour streamer en toute tranquillit\u00e9<br \/>MISE AU POINT AUTOMATIQUE : la d\u00e9tection des visages par IA de Logitech Capture offre une mise au point et une exposition d\u2019une pr\u00e9cision in\u00e9gal\u00e9e pour un rendu professionnel, clair et net<\/p>\n","protected":false},"excerpt":{"rendered":"<p>Prix: Le micro Yeti a une unique technologie triple capsule qui capture quatre directivit\u00e9s, Cardio\u00efde, Bidirectionnel, Omnidirectionnel et St\u00e9r\u00e9o pour les besoins d&rsquo;enregistrements, streaming et gamingLe logiciel d&rsquo;enregistrement PreSonus Studio One Artist Edition Blue Microphones vous donne des outils pros et des flux de travail intuitifs pour vous aider \u00e0 enregistrer et pour un streaming&hellip;<\/p>\n","protected":false},"featured_media":2089,"comment_status":"open","ping_status":"closed","template":"","meta":{"_gspb_post_css":"","_monsterinsights_skip_tracking":false,"_monsterinsights_sitenote_active":false,"_monsterinsights_sitenote_note":"","_monsterinsights_sitenote_category":0},"product_cat":[67],"product_tag":[],"class_list":{"0":"post-2088","1":"product","2":"type-product","3":"status-publish","4":"has-post-thumbnail","6":"product_cat-micros","8":"first","9":"instock","10":"sale","11":"shipping-taxable","12":"product-type-external","13":"add-to-wishlist-after_add_to_cart","14":"col-xs-6 col-sm-4","15":"col-md-3 col-lg-3","16":"un-4-cols"},"aioseo_notices":[],"_links":{"self":[{"href":"https:\/\/decorstreaming.com\/index.php?rest_route=\/wp\/v2\/product\/2088","targetHints":{"allow":["GET"]}}],"collection":[{"href":"https:\/\/decorstreaming.com\/index.php?rest_route=\/wp\/v2\/product"}],"about":[{"href":"https:\/\/decorstreaming.com\/index.php?rest_route=\/wp\/v2\/types\/product"}],"replies":[{"embeddable":true,"href":"https:\/\/decorstreaming.com\/index.php?rest_route=%2Fwp%2Fv2%2Fcomments&post=2088"}],"wp:featuredmedia":[{"embeddable":true,"href":"https:\/\/decorstreaming.com\/index.php?rest_route=\/wp\/v2\/media\/2089"}],"wp:attachment":[{"href":"https:\/\/decorstreaming.com\/index.php?rest_route=%2Fwp%2Fv2%2Fmedia&parent=2088"}],"wp:term":[{"taxonomy":"product_cat","embeddable":true,"href":"https:\/\/decorstreaming.com\/index.php?rest_route=%2Fwp%2Fv2%2Fproduct_cat&post=2088"},{"taxonomy":"product_tag","embeddable":true,"href":"https:\/\/decorstreaming.com\/index.php?rest_route=%2Fwp%2Fv2%2Fproduct_tag&post=2088"}],"curies":[{"name":"wp","href":"https:\/\/api.w.org\/{rel}","templated":true}]}}