{"id":2027,"date":"2024-10-07T12:37:11","date_gmt":"2024-10-07T10:37:11","guid":{"rendered":"https:\/\/decorstreaming.com\/?product=star-wars-we-meet-again-lingot-en-metal-collector"},"modified":"2024-10-07T12:37:11","modified_gmt":"2024-10-07T10:37:11","slug":"star-wars-we-meet-again-lingot-en-metal-collector","status":"publish","type":"product","link":"https:\/\/decorstreaming.com\/?product=star-wars-we-meet-again-lingot-en-metal-collector","title":{"rendered":"Star Wars-We Meet Again-Lingot en m\u00e9tal Collector"},"content":{"rendered":"<p>Prix: <span style=\"color:#b12704\">19,50&nbsp;\u20ac<\/span><br \/>\n<span>Cette collection de m\u00e9tal sous licence officielle Star Wars est limit\u00e9e \u00e0 9,995 dans le monde entier et num\u00e9ris\u00e9e individuellement. Caract\u00e9ristiques de l&rsquo;image iconique du film, il mesure environ 75 x 50 mm et est estamp\u00e9 sur les deux c\u00f4t\u00e9s. La pi\u00e8ce est livr\u00e9e dans une bo\u00eete d&rsquo;affichage avec un support.<\/span><br \/> Production interrompue par le fabricant \u200f : \u200e  Non <br \/> Dimensions du produit (L x l x h) \u200f : \u200e  9,1 x 3 x 12,8 cm; 150 grammes <br \/> Fabricant \u200f : \u200e  FANATTIK <br \/> Num\u00e9ro du mod\u00e8le de l&rsquo;article \u200f : \u200e  K-019 <br \/> Label \u200f : \u200e  FANATTIK <br \/> ASIN \u200f : \u200e  B09DLNNMH2 <br \/> Nombre de disques \u200f : \u200e  1 <\/p>\n","protected":false},"excerpt":{"rendered":"<p>Prix: Cette collection de m\u00e9tal sous licence officielle Star Wars est limit\u00e9e \u00e0 9,995 dans le monde entier et num\u00e9ris\u00e9e individuellement. Caract\u00e9ristiques de l&rsquo;image iconique du film, il mesure environ 75 x 50 mm et est estamp\u00e9 sur les deux c\u00f4t\u00e9s. La pi\u00e8ce est livr\u00e9e dans une bo\u00eete d&rsquo;affichage avec un support. Production interrompue par&hellip;<\/p>\n","protected":false},"featured_media":2028,"comment_status":"open","ping_status":"closed","template":"","meta":{"_gspb_post_css":"","_monsterinsights_skip_tracking":false,"_monsterinsights_sitenote_active":false,"_monsterinsights_sitenote_note":"","_monsterinsights_sitenote_category":0},"product_cat":[65],"product_tag":[],"class_list":{"0":"post-2027","1":"product","2":"type-product","3":"status-publish","4":"has-post-thumbnail","6":"product_cat-deco-geek","8":"first","9":"instock","10":"shipping-taxable","11":"product-type-external","12":"add-to-wishlist-after_add_to_cart","13":"col-xs-6 col-sm-4","14":"col-md-3 col-lg-3","15":"un-4-cols"},"aioseo_notices":[],"_links":{"self":[{"href":"https:\/\/decorstreaming.com\/index.php?rest_route=\/wp\/v2\/product\/2027","targetHints":{"allow":["GET"]}}],"collection":[{"href":"https:\/\/decorstreaming.com\/index.php?rest_route=\/wp\/v2\/product"}],"about":[{"href":"https:\/\/decorstreaming.com\/index.php?rest_route=\/wp\/v2\/types\/product"}],"replies":[{"embeddable":true,"href":"https:\/\/decorstreaming.com\/index.php?rest_route=%2Fwp%2Fv2%2Fcomments&post=2027"}],"wp:featuredmedia":[{"embeddable":true,"href":"https:\/\/decorstreaming.com\/index.php?rest_route=\/wp\/v2\/media\/2028"}],"wp:attachment":[{"href":"https:\/\/decorstreaming.com\/index.php?rest_route=%2Fwp%2Fv2%2Fmedia&parent=2027"}],"wp:term":[{"taxonomy":"product_cat","embeddable":true,"href":"https:\/\/decorstreaming.com\/index.php?rest_route=%2Fwp%2Fv2%2Fproduct_cat&post=2027"},{"taxonomy":"product_tag","embeddable":true,"href":"https:\/\/decorstreaming.com\/index.php?rest_route=%2Fwp%2Fv2%2Fproduct_tag&post=2027"}],"curies":[{"name":"wp","href":"https:\/\/api.w.org\/{rel}","templated":true}]}}