{"id":2009,"date":"2024-10-07T10:08:19","date_gmt":"2024-10-07T08:08:19","guid":{"rendered":"https:\/\/decorstreaming.com\/?product=lenovo-thinkpad-thunderbolt-3-dock-40ac0135us-renouvele"},"modified":"2024-10-07T10:08:19","modified_gmt":"2024-10-07T08:08:19","slug":"lenovo-thinkpad-thunderbolt-3-dock-40ac0135us-renouvele","status":"publish","type":"product","link":"https:\/\/decorstreaming.com\/?product=lenovo-thinkpad-thunderbolt-3-dock-40ac0135us-renouvele","title":{"rendered":"Lenovo Thinkpad Thunderbolt 3 Dock &#8211; 40AC0135US (renouvel\u00e9)"},"content":{"rendered":"<p>Prix: <span style=\"color:#b12704\">99,53\u20ac<\/span><br \/>\n<span>ThinkPad Thunderbolt 3 USB-C Docking Station 135W<\/span><br \/>Chargez votre appareil mobile avec le port USB 3.0 toujours sous tension.<br \/>Exp\u00e9rience vid\u00e9o UHD avec double sortie vid\u00e9o ou jusqu&rsquo;\u00e0 trois \u00e9crans Full HD.<br \/>Appariement parfait pour le chargement rapide ThinkPad X1, vitesse de transfert de donn\u00e9es jusqu&rsquo;\u00e0 40 Gbit\/s.<br \/>Connexion imm\u00e9diate aux p\u00e9riph\u00e9riques avec un seul c\u00e2ble, 4 fois plus rapide que la station d&rsquo;accueil moyenne.<\/p>\n","protected":false},"excerpt":{"rendered":"<p>Prix: ThinkPad Thunderbolt 3 USB-C Docking Station 135WChargez votre appareil mobile avec le port USB 3.0 toujours sous tension.Exp\u00e9rience vid\u00e9o UHD avec double sortie vid\u00e9o ou jusqu&rsquo;\u00e0 trois \u00e9crans Full HD.Appariement parfait pour le chargement rapide ThinkPad X1, vitesse de transfert de donn\u00e9es jusqu&rsquo;\u00e0 40 Gbit\/s.Connexion imm\u00e9diate aux p\u00e9riph\u00e9riques avec un seul c\u00e2ble, 4 fois&hellip;<\/p>\n","protected":false},"featured_media":2010,"comment_status":"open","ping_status":"closed","template":"","meta":{"_gspb_post_css":"","_monsterinsights_skip_tracking":false,"_monsterinsights_sitenote_active":false,"_monsterinsights_sitenote_note":"","_monsterinsights_sitenote_category":0},"product_cat":[69],"product_tag":[],"class_list":{"0":"post-2009","1":"product","2":"type-product","3":"status-publish","4":"has-post-thumbnail","6":"product_cat-accessoires-streaming","8":"first","9":"instock","10":"shipping-taxable","11":"product-type-external","12":"add-to-wishlist-after_add_to_cart","13":"col-xs-6 col-sm-4","14":"col-md-3 col-lg-3","15":"un-4-cols"},"aioseo_notices":[],"_links":{"self":[{"href":"https:\/\/decorstreaming.com\/index.php?rest_route=\/wp\/v2\/product\/2009","targetHints":{"allow":["GET"]}}],"collection":[{"href":"https:\/\/decorstreaming.com\/index.php?rest_route=\/wp\/v2\/product"}],"about":[{"href":"https:\/\/decorstreaming.com\/index.php?rest_route=\/wp\/v2\/types\/product"}],"replies":[{"embeddable":true,"href":"https:\/\/decorstreaming.com\/index.php?rest_route=%2Fwp%2Fv2%2Fcomments&post=2009"}],"wp:featuredmedia":[{"embeddable":true,"href":"https:\/\/decorstreaming.com\/index.php?rest_route=\/wp\/v2\/media\/2010"}],"wp:attachment":[{"href":"https:\/\/decorstreaming.com\/index.php?rest_route=%2Fwp%2Fv2%2Fmedia&parent=2009"}],"wp:term":[{"taxonomy":"product_cat","embeddable":true,"href":"https:\/\/decorstreaming.com\/index.php?rest_route=%2Fwp%2Fv2%2Fproduct_cat&post=2009"},{"taxonomy":"product_tag","embeddable":true,"href":"https:\/\/decorstreaming.com\/index.php?rest_route=%2Fwp%2Fv2%2Fproduct_tag&post=2009"}],"curies":[{"name":"wp","href":"https:\/\/api.w.org\/{rel}","templated":true}]}}