{"id":1905,"date":"2024-10-07T04:03:04","date_gmt":"2024-10-07T02:03:04","guid":{"rendered":"https:\/\/decorstreaming.com\/?product=ik-multimedia-irig-mic-hd-2-micro-haute-definition-pour-ios-et-mac-applications-incluses-son-haute-resolution-enregistrement-professionnel-rode-sc1-rallonge-pour-smartlav-et-smartlav-6m"},"modified":"2024-10-07T04:03:04","modified_gmt":"2024-10-07T02:03:04","slug":"ik-multimedia-irig-mic-hd-2-micro-haute-definition-pour-ios-et-mac-applications-incluses-son-haute-resolution-enregistrement-professionnel-rode-sc1-rallonge-pour-smartlav-et-smartlav-6m","status":"publish","type":"product","link":"https:\/\/decorstreaming.com\/?product=ik-multimedia-irig-mic-hd-2-micro-haute-definition-pour-ios-et-mac-applications-incluses-son-haute-resolution-enregistrement-professionnel-rode-sc1-rallonge-pour-smartlav-et-smartlav-6m","title":{"rendered":"IK Multimedia iRIG Mic HD 2 &#8211; Micro Haute D\u00e9finition pour iOS et Mac, Applications Incluses, Son Haute R\u00e9solution, Enregistrement Professionnel &#038; Rode SC1 Rallonge pour SmartLav et SmartLav+ &#8211; 6m"},"content":{"rendered":"<p>Prix: <span style=\"color:#b12704\">125,90\u20ac<\/span><br \/>\n<span>IK Multimedia iRIG Mic HD 2 &#8211; Micro Haute D\u00e9finition pour iOS et Mac, Applications Incluses, Son Haute R\u00e9solution, Enregistrement Professionnel, Compatible iPhone, iPad, Mac et PC<br \/>\n            pour Technologie publi\u00e9 sous la r\u00e9f\u00e9rence IKMICHD2 par Music Sales. ONLY AVAILABLE TO UK CUSTOMERS iRig Mic HD 2 &nbsp;is the sequel to IK\u2019s successful iRig Mic HD and is designed to put all the power of high-resolution sound into your hands, so you can easily create exceptional professional content anywhere you go on any device. iRig Mic HD 2 features a headphone output with volume control (ready to use with the new iPhone 7,) enabling users to directly monitor the sound or send the signal to a PA or a mixer for routing flexibility. Equipped with a high-quality, gold-sputtered cardioid electret condenser capsule, ensuring excellent transient accuracy and a wide frequency response, a 24-bit audiophile-grade A\/D converter withsample rates up to 96kHz and a low noise, high-definition preamp, iRig Mic HD 2 captures all the tiniest details of the source and meets the most demanding professional needs. The completeness of options and performance-related features make iRig Mic HD 2 the only microphone available to truly meet the needs of a wider audience of users, from professional to enthusiasts who wish to achieve great results, anywhere without breaking the bank. The only handheld USB digital condenser microphone available Compatible with iOS, Mac and PC platforms Convenient handheld design, ideal for many applications Quality equivalent to microphones costing many times more Onboard gain control to adjust input level Onboard headphone output with volume control (iPhone 7 ready) High-quality gold-sputtered condenser capsule for wide frequency response and transient accuracy High-definition 24 bit recording with up to 96kHz sampling rate Affordable &#8211; achieve great sound without breaking the bank Comes with: Lightning iOS cable, USB cable, table tripod, mic stand adapter, carrying pouch, 5\/8&Prime; to 3\/8&Prime; thread adapter Includes a full suite of recording software\/applications.<\/p>\n<p>            Rode SC1 Rallonge pour SmartLav et SmartLav+ &#8211; 6m<br \/>\n            Le SC1 est un c\u00e2ble d&rsquo;extension blind\u00e9 pour les microphones SmartLav and SmartLav+. D&rsquo;un longueur de 6 m\u00e8tres, le SC1 a des contacts plaqu\u00e9s or pour une qualit\u00e9 sonore haute qualit\u00e9. 100% compatible avec tous les produits Apple, mais seuls les produits Android suivent cette m\u00eame norme de connexion.<\/span><br \/>produit 1: QUALIT\u00c9 SONORE SUP\u00c9RIEUR: R\u00e9solution 24 bits, Fr\u00e9quence d&rsquo;\u00e9chantillonnage 96 kHz, Capsule de condensateur \u00e0 \u00e9lectret pulv\u00e9ris\u00e9e d&rsquo;or assurant une r\u00e9ponse transitoire et en fr\u00e9quence exceptionnelle<br \/>produit 1: ENREGISTREMENT: Capable de supporter une pression sonore maximale de 125dB, r\u00e9siste \u00e0 l&rsquo;enregistrement m\u00eame de sources tr\u00e8s fortes et la directivit\u00e9 cardio\u00efde permet de rejeter les sons ind\u00e9sirables<br \/>produit 1: SORTIE CASQUE INT\u00c9GR\u00c9E: Dispose d&rsquo;une sortie casque avec r\u00e9glage du volume que vous pouvez utiliser pour contr\u00f4ler le signal audio ou \u00e9couter de la musique haute r\u00e9solution sur votre appareil<br \/>produit 2: Rode SC-1<br \/>produit 2: C\u00e2ble rallonge<br \/>produit 2: Connecteurs : gold-plated 3.5mm TRRS mini jack, 1x male + 1x female<br \/>produit 2: Longueur : 6m<\/p>\n","protected":false},"excerpt":{"rendered":"<p>Prix: IK Multimedia iRIG Mic HD 2 &#8211; Micro Haute D\u00e9finition pour iOS et Mac, Applications Incluses, Son Haute R\u00e9solution, Enregistrement Professionnel, Compatible iPhone, iPad, Mac et PC pour Technologie publi\u00e9 sous la r\u00e9f\u00e9rence IKMICHD2 par Music Sales. ONLY AVAILABLE TO UK CUSTOMERS iRig Mic HD 2 &nbsp;is the sequel to IK\u2019s successful iRig Mic&hellip;<\/p>\n","protected":false},"featured_media":1906,"comment_status":"open","ping_status":"closed","template":"","meta":{"_gspb_post_css":"","_monsterinsights_skip_tracking":false,"_monsterinsights_sitenote_active":false,"_monsterinsights_sitenote_note":"","_monsterinsights_sitenote_category":0},"product_cat":[67],"product_tag":[],"class_list":{"0":"post-1905","1":"product","2":"type-product","3":"status-publish","4":"has-post-thumbnail","6":"product_cat-micros","8":"first","9":"instock","10":"shipping-taxable","11":"product-type-external","12":"add-to-wishlist-after_add_to_cart","13":"col-xs-6 col-sm-4","14":"col-md-3 col-lg-3","15":"un-4-cols"},"aioseo_notices":[],"_links":{"self":[{"href":"https:\/\/decorstreaming.com\/index.php?rest_route=\/wp\/v2\/product\/1905","targetHints":{"allow":["GET"]}}],"collection":[{"href":"https:\/\/decorstreaming.com\/index.php?rest_route=\/wp\/v2\/product"}],"about":[{"href":"https:\/\/decorstreaming.com\/index.php?rest_route=\/wp\/v2\/types\/product"}],"replies":[{"embeddable":true,"href":"https:\/\/decorstreaming.com\/index.php?rest_route=%2Fwp%2Fv2%2Fcomments&post=1905"}],"wp:featuredmedia":[{"embeddable":true,"href":"https:\/\/decorstreaming.com\/index.php?rest_route=\/wp\/v2\/media\/1906"}],"wp:attachment":[{"href":"https:\/\/decorstreaming.com\/index.php?rest_route=%2Fwp%2Fv2%2Fmedia&parent=1905"}],"wp:term":[{"taxonomy":"product_cat","embeddable":true,"href":"https:\/\/decorstreaming.com\/index.php?rest_route=%2Fwp%2Fv2%2Fproduct_cat&post=1905"},{"taxonomy":"product_tag","embeddable":true,"href":"https:\/\/decorstreaming.com\/index.php?rest_route=%2Fwp%2Fv2%2Fproduct_tag&post=1905"}],"curies":[{"name":"wp","href":"https:\/\/api.w.org\/{rel}","templated":true}]}}