{"id":1769,"date":"2024-10-06T11:42:06","date_gmt":"2024-10-06T09:42:06","guid":{"rendered":"https:\/\/decorstreaming.com\/?product=cahaya-pied-de-microphone-mobile-2-en-1-pied-de-micro-au-sol-trepied-en-metal-avec-deux-clips-differents-reglable-et-pliable-stagg-cable-microphone-de-haute-qualite-xlr-vers-prise-xlr-6-m-noir"},"modified":"2024-10-06T11:42:06","modified_gmt":"2024-10-06T09:42:06","slug":"cahaya-pied-de-microphone-mobile-2-en-1-pied-de-micro-au-sol-trepied-en-metal-avec-deux-clips-differents-reglable-et-pliable-stagg-cable-microphone-de-haute-qualite-xlr-vers-prise-xlr-6-m-noir","status":"publish","type":"product","link":"https:\/\/decorstreaming.com\/?product=cahaya-pied-de-microphone-mobile-2-en-1-pied-de-micro-au-sol-trepied-en-metal-avec-deux-clips-differents-reglable-et-pliable-stagg-cable-microphone-de-haute-qualite-xlr-vers-prise-xlr-6-m-noir","title":{"rendered":"CAHAYA Pied de Microphone Mobile 2 en 1 Pied de Micro au Sol Tr\u00e9pied en M\u00e9tal avec Deux Clips Diff\u00e9rents R\u00e9glable et Pliable &#038; Stagg C\u00e2ble microphone de haute qualit\u00e9 XLR vers prise XLR, 6 m, noir"},"content":{"rendered":"<p>Prix: <span style=\"color:#b12704\">39,84\u20ac<\/span><br \/>\n<br \/>produit 1: Deux types de clips de microphones, adapt\u00e9s aux microphones de diff\u00e9rentes tailles. Le bouton \u00e0 vis en caoutchouc durable peut fermement fixer le tuyau de levage<br \/>produit 1: Le supporte pliant ne prend pas de place et est pratique \u00e0 transporter, clip de c\u00e2ble est fabriqu\u00e9 avec l\u2019humanisation, vous ne vous inqui\u00e9terez pas que les fils du microphone emm\u00ealent partout<br \/>produit 1: Sc\u00e9narios applicables : concerts, conf\u00e9rences, exercices personnels, discours etc<br \/>produit 2: c\u00e2ble de microphone standard<br \/>produit 2: Longueur 6 m<br \/>produit 2: Conforme \u00e0 RoHS<br \/>produit 2: c\u00e2ble noir<\/p>\n","protected":false},"excerpt":{"rendered":"<p>Prix: produit 1: Deux types de clips de microphones, adapt\u00e9s aux microphones de diff\u00e9rentes tailles. Le bouton \u00e0 vis en caoutchouc durable peut fermement fixer le tuyau de levageproduit 1: Le supporte pliant ne prend pas de place et est pratique \u00e0 transporter, clip de c\u00e2ble est fabriqu\u00e9 avec l\u2019humanisation, vous ne vous inqui\u00e9terez pas&hellip;<\/p>\n","protected":false},"featured_media":1770,"comment_status":"open","ping_status":"closed","template":"","meta":{"_gspb_post_css":"","_monsterinsights_skip_tracking":false,"_monsterinsights_sitenote_active":false,"_monsterinsights_sitenote_note":"","_monsterinsights_sitenote_category":0},"product_cat":[67],"product_tag":[],"class_list":{"0":"post-1769","1":"product","2":"type-product","3":"status-publish","4":"has-post-thumbnail","6":"product_cat-micros","8":"first","9":"instock","10":"shipping-taxable","11":"product-type-external","12":"add-to-wishlist-after_add_to_cart","13":"col-xs-6 col-sm-4","14":"col-md-3 col-lg-3","15":"un-4-cols"},"aioseo_notices":[],"_links":{"self":[{"href":"https:\/\/decorstreaming.com\/index.php?rest_route=\/wp\/v2\/product\/1769","targetHints":{"allow":["GET"]}}],"collection":[{"href":"https:\/\/decorstreaming.com\/index.php?rest_route=\/wp\/v2\/product"}],"about":[{"href":"https:\/\/decorstreaming.com\/index.php?rest_route=\/wp\/v2\/types\/product"}],"replies":[{"embeddable":true,"href":"https:\/\/decorstreaming.com\/index.php?rest_route=%2Fwp%2Fv2%2Fcomments&post=1769"}],"wp:featuredmedia":[{"embeddable":true,"href":"https:\/\/decorstreaming.com\/index.php?rest_route=\/wp\/v2\/media\/1770"}],"wp:attachment":[{"href":"https:\/\/decorstreaming.com\/index.php?rest_route=%2Fwp%2Fv2%2Fmedia&parent=1769"}],"wp:term":[{"taxonomy":"product_cat","embeddable":true,"href":"https:\/\/decorstreaming.com\/index.php?rest_route=%2Fwp%2Fv2%2Fproduct_cat&post=1769"},{"taxonomy":"product_tag","embeddable":true,"href":"https:\/\/decorstreaming.com\/index.php?rest_route=%2Fwp%2Fv2%2Fproduct_tag&post=1769"}],"curies":[{"name":"wp","href":"https:\/\/api.w.org\/{rel}","templated":true}]}}