{"id":1744,"date":"2024-10-06T02:01:41","date_gmt":"2024-10-06T00:01:41","guid":{"rendered":"https:\/\/decorstreaming.com\/?product=hp-pc-prodesk-600-g2-sff-intel-core-i5-6500u-ram-8gb-ssd-128gb-hdd-500gb-win10-pro"},"modified":"2024-10-06T02:01:41","modified_gmt":"2024-10-06T00:01:41","slug":"hp-pc-prodesk-600-g2-sff-intel-core-i5-6500u-ram-8gb-ssd-128gb-hdd-500gb-win10-pro","status":"publish","type":"product","link":"https:\/\/decorstreaming.com\/?product=hp-pc-prodesk-600-g2-sff-intel-core-i5-6500u-ram-8gb-ssd-128gb-hdd-500gb-win10-pro","title":{"rendered":"HP PC ProDesk 600 G2 SFF, Intel Core i5 \u2013 6500U, RAM 8Gb, SSD 128Gb + HDD 500Gb, Win10 Pro"},"content":{"rendered":"<p>Prix: <span style=\"color:#b12704\">90,00\u20ac<\/span><br \/>\n <span>Commencer \u00e0 modifier&#8230;<\/span><br \/><span class=\"a-text-bold\">Ordinateur HP Prodesk 600 G2 SFF<\/span><br \/><span class=\"a-text-italic\">Hautes performances et imm\u00e9diatement pr\u00eat \u00e0 \u00eatre utilis\u00e9<\/span><br \/><span>Con\u00e7u pour une productivit\u00e9 maximale, le ProDesk 600 G2 Small Form Factor Pro (SFF Pro) est le choix id\u00e9al pour les entreprises qui ont besoin d&rsquo;une fiabilit\u00e9, d&rsquo;une puissance et d&rsquo;une s\u00e9curit\u00e9 des donn\u00e9es maximales, notamment Intel\u00ae vPro\u2122 pour une gestion efficace \u00e0 un niveau centralis\u00e9.<\/span><br \/><span class=\"a-text-bold\">Connectivit\u00e9 <\/span><br \/><span>8xUSB 3.0\/2.0 (dont 4 en fa\u00e7ade), RJ-45 Gigabit 10\/100\/1000 LAN, VGA, 2x DisplayPort, entr\u00e9e\/sortie audio<\/span><br \/><span>Poids environ 7,8 kg, dimensions (LxHxP) env. 34x10x39 cm.<\/span><br \/><span class=\"a-text-bold\">Performances<\/span><br \/><span>Processeur Intel Core i5, 8 Go de m\u00e9moire RAM et espace de stockage avec disque dur. les disques SSD (High Performance SSD Solid State Drive), garantissent puissance et fiabilit\u00e9. pour tout usage professionnel ou domestique. Gr\u00e2ce \u00e0 la r\u00e9activit\u00e9 et l&rsquo;efficacit\u00e9 des processeurs Intel Core\u2122, le HP Prodesk 600 vous permet d&rsquo;utiliser de mani\u00e8re dynamique toutes vos applications pr\u00e9f\u00e9r\u00e9es, augmentant ainsi la productivit\u00e9, la cr\u00e9ativit\u00e9 et ou amusant.<\/span><br \/><span class=\"a-text-bold\">Syst\u00e8me d&rsquo;exploitation<\/span><br \/><span>Windows 10 Professionnel pr\u00e9configur\u00e9<\/span><br \/><span>Unit\u00e9 DVD+\/-RW optique<\/span><br \/><span class=\"a-text-bold\">Autres informations<\/span><br \/><span>Poids environ 7,8 kg, dimensions (LxHxP) env. 34x10x39 cm.<\/span><br \/><span>Batterie et chargeur int\u00e9gr\u00e9s inclus dans l&#8217;emballage.<\/span><br \/><span class=\"a-text-bold\">Garantie renouvel\u00e9e de 12 mois <\/span><br \/><span>La garantie de 12 mois pour les produits reconditionn\u00e9s pr\u00e9voit la r\u00e9paration ou le remplacement du produit, sans frais pour le client.<\/span><br \/><span class=\"a-text-italic\">Le produit peut \u00eatre endommag\u00e9. pr\u00e9sentent des d\u00e9fauts esth\u00e9tiques minimes sur la carrosserie\/plastiques\/clavier dus \u00e0 une utilisation et \u00e0 l&rsquo;usure normales en bureau.<\/span><br \/>Lecteur optique DVD+\/-RW<br \/>Windows 10 Professionnel<br \/>Intel HD Graphics (triple moniteur prenant en charge 1x VGA + 2x DisplayPort)<br \/>8xUSB 3.0\/2.0 (dont 4 en fa\u00e7ade), RJ-45 Gigabit LAN 10\/100\/1000, VGA, 2x DisplayPort, entr\u00e9e\/sortie audio Poids environ 7,8 kg, dimensions (LxHxP) env. 34x10x39 cm.<br \/>Produit certifi\u00e9 remis \u00e0 neuf, test\u00e9 pour fonctionner comme neuf. Garantie de 12 mois incluse.<\/p>\n","protected":false},"excerpt":{"rendered":"<p>Prix: Commencer \u00e0 modifier&#8230;Ordinateur HP Prodesk 600 G2 SFFHautes performances et imm\u00e9diatement pr\u00eat \u00e0 \u00eatre utilis\u00e9Con\u00e7u pour une productivit\u00e9 maximale, le ProDesk 600 G2 Small Form Factor Pro (SFF Pro) est le choix id\u00e9al pour les entreprises qui ont besoin d&rsquo;une fiabilit\u00e9, d&rsquo;une puissance et d&rsquo;une s\u00e9curit\u00e9 des donn\u00e9es maximales, notamment Intel\u00ae vPro\u2122 pour une&hellip;<\/p>\n","protected":false},"featured_media":1745,"comment_status":"open","ping_status":"closed","template":"","meta":{"_gspb_post_css":"","_monsterinsights_skip_tracking":false,"_monsterinsights_sitenote_active":false,"_monsterinsights_sitenote_note":"","_monsterinsights_sitenote_category":0},"product_cat":[70],"product_tag":[],"class_list":{"0":"post-1744","1":"product","2":"type-product","3":"status-publish","4":"has-post-thumbnail","6":"product_cat-pc-streaming","8":"first","9":"instock","10":"shipping-taxable","11":"product-type-external","12":"add-to-wishlist-after_add_to_cart","13":"col-xs-6 col-sm-4","14":"col-md-3 col-lg-3","15":"un-4-cols"},"aioseo_notices":[],"_links":{"self":[{"href":"https:\/\/decorstreaming.com\/index.php?rest_route=\/wp\/v2\/product\/1744","targetHints":{"allow":["GET"]}}],"collection":[{"href":"https:\/\/decorstreaming.com\/index.php?rest_route=\/wp\/v2\/product"}],"about":[{"href":"https:\/\/decorstreaming.com\/index.php?rest_route=\/wp\/v2\/types\/product"}],"replies":[{"embeddable":true,"href":"https:\/\/decorstreaming.com\/index.php?rest_route=%2Fwp%2Fv2%2Fcomments&post=1744"}],"wp:featuredmedia":[{"embeddable":true,"href":"https:\/\/decorstreaming.com\/index.php?rest_route=\/wp\/v2\/media\/1745"}],"wp:attachment":[{"href":"https:\/\/decorstreaming.com\/index.php?rest_route=%2Fwp%2Fv2%2Fmedia&parent=1744"}],"wp:term":[{"taxonomy":"product_cat","embeddable":true,"href":"https:\/\/decorstreaming.com\/index.php?rest_route=%2Fwp%2Fv2%2Fproduct_cat&post=1744"},{"taxonomy":"product_tag","embeddable":true,"href":"https:\/\/decorstreaming.com\/index.php?rest_route=%2Fwp%2Fv2%2Fproduct_tag&post=1744"}],"curies":[{"name":"wp","href":"https:\/\/api.w.org\/{rel}","templated":true}]}}