{"id":1615,"date":"2024-10-04T05:39:57","date_gmt":"2024-10-04T03:39:57","guid":{"rendered":"https:\/\/decorstreaming.com\/?product=logitech-g335-casque-gaming-filaire-avec-micro-prise-audio-35-mm-03-lightsync-souris-gaming-avec-eclairage-rvb-personnalisable-6-boutons-programmables-capteur-niveau-gaming-8-000-ppp-noire"},"modified":"2024-10-04T05:39:57","modified_gmt":"2024-10-04T03:39:57","slug":"logitech-g335-casque-gaming-filaire-avec-micro-prise-audio-35-mm-03-lightsync-souris-gaming-avec-eclairage-rvb-personnalisable-6-boutons-programmables-capteur-niveau-gaming-8-000-ppp-noire","status":"publish","type":"product","link":"https:\/\/decorstreaming.com\/?product=logitech-g335-casque-gaming-filaire-avec-micro-prise-audio-35-mm-03-lightsync-souris-gaming-avec-eclairage-rvb-personnalisable-6-boutons-programmables-capteur-niveau-gaming-8-000-ppp-noire","title":{"rendered":"Logitech G335 Casque Gaming Filaire, avec Micro, Prise Audio 3,5 mm &#038; 03 LIGHTSYNC Souris Gaming avec \u00c9clairage RVB Personnalisable, 6 Boutons Programmables, Capteur Niveau Gaming, 8 000 PPP- Noire"},"content":{"rendered":"<p>Prix: <span style=\"color:#b12704\"><del>119,98\u20ac<\/del> - 79,33\u20ac<\/span><br \/>\n <span>Logitech G335 Casque Gaming Filaire, avec Micro, Prise Audio 3,5 mm, Ecouteurs Mousse \u00e0 M\u00e9moire de Forme, L\u00e9ger, Compatible avec PC, PlayStation, Xbox, Nintendo Switch &#8211; Noir<br \/>Le casque gaming filaire G335 p\u00e8se seulement 240 g. Il utilise un design de suspension avec bandeau \u00e9lastique, ajustable \u00e0 volont\u00e9. Gr\u00e2ce \u00e0 ses oreillettes \u00e0 m\u00e9moire de forme, le casque G335 offre un confort longue dur\u00e9e. Immergez-vous rapidement dans votre jeu gr\u00e2ce \u00e0 des commandes pr\u00eates \u00e0 l\u2019emploi, \u00e0 port\u00e9e de vos doigts. Il suffit de tourner le micro vers le haut pour le mettre en sourdine. Le casque G335 est un compagnon de gaming polyvalent et compatible avec PC, consoles de jeu et dispositifs mobiles. Le casque gaming G335 est disponible dans plusieurs couleurs pour jouer comme vous l\u2019entendez.<\/p>\n<p>Logitech G203 LIGHTSYNC Souris Gaming avec \u00c9clairage RVB Personnalisable, 6 Boutons Programmables, Capteur Niveau Gaming, 8 000 PPP, Ultra-L\u00e9ger &#8211; Noire<br \/>La souris G203 LIGHTSYNC est pr\u00eate pour le jeu gr\u00e2ce un capteur de 8 000 PPP et des couleurs LIGHTSYNC RVB vibrantes et personnalisables. La technologie LIGHTSYNC RVB peut \u00eatre personnalis\u00e9e avec des effets de vagues de couleurs ou des motifs sur environ 16,8 millions de couleurs pour s&rsquo;adapter \u00e0 votre style de jeu, votre configuration et votre humeur. Le capteur gaming r\u00e9pond pr\u00e9cis\u00e9ment \u00e0 vos mouvements et vous pouvez personnaliser les param\u00e8tres en fonction de la sensibilit\u00e9 que vous souhaitez.* La disposition simple \u00e0 6 boutons et la forme gaming classique constituent un design confortable, \u00e9prouv\u00e9 dans le temps et appr\u00e9ci\u00e9 des utilisateurs, gr\u00e2ce \u00e0 des boutons que vous pouvez programmer pour simplifier les t\u00e2ches. Les boutons principaux sont m\u00e9caniques et tendus par des ressorts m\u00e9talliques r\u00e9sistants pour une fiabilit\u00e9, des performances et une sensation in\u00e9gal\u00e9s. *Les fonctions avanc\u00e9es n\u00e9cessitent le logiciel gaming Logitech G HUB, disponible \u00e0 l&rsquo;adresse .<\/span>  <br \/>produit 1: Confort toute la journ\u00e9e : Les coussinets \u00e0 m\u00e9moire de forme avec mat\u00e9riau maille sportive sont confortables. Passez votre niveau de gaming au mode sup\u00e9rieur en terme de style et de confort<br \/>produit 1: Plug and Play : Passez rapidement au jeu et connectez-vous simplement \u00e0 la prise 3,5 mm ; ce casque color\u00e9 est compatible avec PC, ordinateur portable, consoles de jeux et certains appareils mobiles<br \/>produit 1: Contr\u00f4le casque : La molette de volume est situ\u00e9e sur l&rsquo;oreillette pour augmenter rapidement le volume du jeu ou de la musique. Le micro peut \u00eatre relev\u00e9 pour couper le son et ne pas \u00eatre une g\u00eane<br \/>produit 2: Capteur 8 000 PPP: le capteur gaming r\u00e9pond pr\u00e9cis\u00e9ment \u00e0 vos mouvements. Personnalisez les param\u00e8tres avec le logiciel gaming Logitech G HUB en fonction de la sensibilit\u00e9 que vous souhaitez et passez facilement d&rsquo;une r\u00e9solution \u00e0 l&rsquo;autre, parmi 5 param\u00e8tres<br \/>produit 2: LIGHTSYNC RVB color\u00e9: jouez en couleur avec notre technologie LIGHTSYNC RVB la plus vibrante, gr\u00e2ce \u00e0 des effets de vagues personnalisables sur environ 16,8 millions de couleurs. Installez le logiciel Logitech G HUB pour choisir parmi des couleurs et des animations pr\u00e9d\u00e9finies, ou cr\u00e9ez vos propres animations<br \/>produit 2: Conception classique, test\u00e9e par des joueurs: jouez confortablement avec un contr\u00f4le total. La disposition simple \u00e0 6 boutons et la forme gaming classique constituent un design confortable, \u00e9prouv\u00e9 dans le temps et appr\u00e9ci\u00e9 de nos utilisateurs<br \/>produit 2: Chaque bouton peut \u00eatre personnalis\u00e9 \u00e0 l&rsquo;aide du logiciel Logitech G HUB pour simplifier les t\u00e2ches<\/p>\n","protected":false},"excerpt":{"rendered":"<p>Prix: Logitech G335 Casque Gaming Filaire, avec Micro, Prise Audio 3,5 mm, Ecouteurs Mousse \u00e0 M\u00e9moire de Forme, L\u00e9ger, Compatible avec PC, PlayStation, Xbox, Nintendo Switch &#8211; NoirLe casque gaming filaire G335 p\u00e8se seulement 240 g. Il utilise un design de suspension avec bandeau \u00e9lastique, ajustable \u00e0 volont\u00e9. Gr\u00e2ce \u00e0 ses oreillettes \u00e0 m\u00e9moire de&hellip;<\/p>\n","protected":false},"featured_media":1616,"comment_status":"open","ping_status":"closed","template":"","meta":{"_gspb_post_css":"","_monsterinsights_skip_tracking":false,"_monsterinsights_sitenote_active":false,"_monsterinsights_sitenote_note":"","_monsterinsights_sitenote_category":0},"product_cat":[67],"product_tag":[],"class_list":{"0":"post-1615","1":"product","2":"type-product","3":"status-publish","4":"has-post-thumbnail","6":"product_cat-micros","8":"first","9":"instock","10":"sale","11":"shipping-taxable","12":"product-type-external","13":"add-to-wishlist-after_add_to_cart","14":"col-xs-6 col-sm-4","15":"col-md-3 col-lg-3","16":"un-4-cols"},"aioseo_notices":[],"_links":{"self":[{"href":"https:\/\/decorstreaming.com\/index.php?rest_route=\/wp\/v2\/product\/1615","targetHints":{"allow":["GET"]}}],"collection":[{"href":"https:\/\/decorstreaming.com\/index.php?rest_route=\/wp\/v2\/product"}],"about":[{"href":"https:\/\/decorstreaming.com\/index.php?rest_route=\/wp\/v2\/types\/product"}],"replies":[{"embeddable":true,"href":"https:\/\/decorstreaming.com\/index.php?rest_route=%2Fwp%2Fv2%2Fcomments&post=1615"}],"wp:featuredmedia":[{"embeddable":true,"href":"https:\/\/decorstreaming.com\/index.php?rest_route=\/wp\/v2\/media\/1616"}],"wp:attachment":[{"href":"https:\/\/decorstreaming.com\/index.php?rest_route=%2Fwp%2Fv2%2Fmedia&parent=1615"}],"wp:term":[{"taxonomy":"product_cat","embeddable":true,"href":"https:\/\/decorstreaming.com\/index.php?rest_route=%2Fwp%2Fv2%2Fproduct_cat&post=1615"},{"taxonomy":"product_tag","embeddable":true,"href":"https:\/\/decorstreaming.com\/index.php?rest_route=%2Fwp%2Fv2%2Fproduct_tag&post=1615"}],"curies":[{"name":"wp","href":"https:\/\/api.w.org\/{rel}","templated":true}]}}