{"id":1565,"date":"2024-10-03T23:18:27","date_gmt":"2024-10-03T21:18:27","guid":{"rendered":"https:\/\/decorstreaming.com\/?product=tee-shirt-un-geek-ne-vieillit-pas-il-level-up"},"modified":"2024-10-03T23:18:27","modified_gmt":"2024-10-03T21:18:27","slug":"tee-shirt-un-geek-ne-vieillit-pas-il-level-up","status":"publish","type":"product","link":"https:\/\/decorstreaming.com\/?product=tee-shirt-un-geek-ne-vieillit-pas-il-level-up","title":{"rendered":"Tee Shirt Un Geek ne vieillit Pas il Level up"},"content":{"rendered":"<p>Prix: <span style=\"color:#b12704\">12,75\u20ac<\/span><br \/>\n<span>Tee shirt manche courte,100% coton JERSEY semi-peign\u00e9 Ringspun,Bande de propret\u00e9 au col,Col avec bord c\u00f4te \u00e9lasthanne,Coupe CLASSIQUE,Lavage \u00e0 40 degr\u00e9s.,Repasser sur l&rsquo;envers,Tee shirt et marquage garanti Oeko-Tex. Tee shirt unisexe coupe classique. Qualit\u00e9 sup\u00e9rieure en coton 190 g\/m\u00b2. Imprim\u00e9 en France par BJOO. L&rsquo;impression du motif est r\u00e9alis\u00e9e en marquage flex, ce proc\u00e9d\u00e9 vous garanti une tr\u00e8s grande longevit\u00e9 et de tenue exceptionnelle de la couleur. Ce tee shirt ainsi que la mati\u00e8re de marquage sont issus de fabrications contr\u00f4l\u00e9es, labelis\u00e9es Oeko-Tex (label garantissant la non-utilisation de colorants nocifs pour la peau et l&rsquo;environnement.)<\/span><br \/> Production interrompue par le fabricant \u200f : \u200e  Non <br \/> Date de mise en ligne sur Amazon.fr \u200f : \u200e  24 novembre 2014 <br \/> Fabricant \u200f : \u200e  G\u00e9n\u00e9rique <br \/> ASIN \u200f : \u200e  B00Q4RW8QW <\/p>\n","protected":false},"excerpt":{"rendered":"<p>Prix: Tee shirt manche courte,100% coton JERSEY semi-peign\u00e9 Ringspun,Bande de propret\u00e9 au col,Col avec bord c\u00f4te \u00e9lasthanne,Coupe CLASSIQUE,Lavage \u00e0 40 degr\u00e9s.,Repasser sur l&rsquo;envers,Tee shirt et marquage garanti Oeko-Tex. Tee shirt unisexe coupe classique. Qualit\u00e9 sup\u00e9rieure en coton 190 g\/m\u00b2. Imprim\u00e9 en France par BJOO. L&rsquo;impression du motif est r\u00e9alis\u00e9e en marquage flex, ce proc\u00e9d\u00e9 vous&hellip;<\/p>\n","protected":false},"featured_media":1566,"comment_status":"open","ping_status":"closed","template":"","meta":{"_gspb_post_css":"","_monsterinsights_skip_tracking":false,"_monsterinsights_sitenote_active":false,"_monsterinsights_sitenote_note":"","_monsterinsights_sitenote_category":0},"product_cat":[65],"product_tag":[],"class_list":{"0":"post-1565","1":"product","2":"type-product","3":"status-publish","4":"has-post-thumbnail","6":"product_cat-deco-geek","8":"first","9":"instock","10":"shipping-taxable","11":"product-type-external","12":"add-to-wishlist-after_add_to_cart","13":"col-xs-6 col-sm-4","14":"col-md-3 col-lg-3","15":"un-4-cols"},"aioseo_notices":[],"_links":{"self":[{"href":"https:\/\/decorstreaming.com\/index.php?rest_route=\/wp\/v2\/product\/1565","targetHints":{"allow":["GET"]}}],"collection":[{"href":"https:\/\/decorstreaming.com\/index.php?rest_route=\/wp\/v2\/product"}],"about":[{"href":"https:\/\/decorstreaming.com\/index.php?rest_route=\/wp\/v2\/types\/product"}],"replies":[{"embeddable":true,"href":"https:\/\/decorstreaming.com\/index.php?rest_route=%2Fwp%2Fv2%2Fcomments&post=1565"}],"wp:featuredmedia":[{"embeddable":true,"href":"https:\/\/decorstreaming.com\/index.php?rest_route=\/wp\/v2\/media\/1566"}],"wp:attachment":[{"href":"https:\/\/decorstreaming.com\/index.php?rest_route=%2Fwp%2Fv2%2Fmedia&parent=1565"}],"wp:term":[{"taxonomy":"product_cat","embeddable":true,"href":"https:\/\/decorstreaming.com\/index.php?rest_route=%2Fwp%2Fv2%2Fproduct_cat&post=1565"},{"taxonomy":"product_tag","embeddable":true,"href":"https:\/\/decorstreaming.com\/index.php?rest_route=%2Fwp%2Fv2%2Fproduct_tag&post=1565"}],"curies":[{"name":"wp","href":"https:\/\/api.w.org\/{rel}","templated":true}]}}