{"id":1497,"date":"2024-10-03T11:52:35","date_gmt":"2024-10-03T09:52:35","guid":{"rendered":"https:\/\/decorstreaming.com\/?product=audio-technica-at2020-microphone-cardioide-a-electret-pour-la-voix-off-podcasting-streaming-et-lenregistrement-stagg-cable-microphone-de-haute-qualite-xlr-vers-prise-xlr-6-m-noir"},"modified":"2024-10-03T11:52:35","modified_gmt":"2024-10-03T09:52:35","slug":"audio-technica-at2020-microphone-cardioide-a-electret-pour-la-voix-off-podcasting-streaming-et-lenregistrement-stagg-cable-microphone-de-haute-qualite-xlr-vers-prise-xlr-6-m-noir","status":"publish","type":"product","link":"https:\/\/decorstreaming.com\/?product=audio-technica-at2020-microphone-cardioide-a-electret-pour-la-voix-off-podcasting-streaming-et-lenregistrement-stagg-cable-microphone-de-haute-qualite-xlr-vers-prise-xlr-6-m-noir","title":{"rendered":"Audio-Technica AT2020 Microphone cardio\u00efde \u00e0 \u00e9lectret pour la Voix Off, podcasting, Streaming et l&rsquo;enregistrement &#038; Stagg C\u00e2ble Microphone de Haute qualit\u00e9 XLR vers Prise XLR, 6 m, Noir"},"content":{"rendered":"<p>Prix: <span style=\"color:#b12704\"><del>109,50\u20ac<\/del> - 102,09\u20ac<\/span><br \/>\n <span>Audio-Technica AT2020 Microphone cardio\u00efde \u00e0 \u00e9lectret (connexion XLR) pour la voix off, podcasting, streaming et l&rsquo;enregistrement<br \/>L\u2019AT2020 \u00e9tablit un nouveau standard de performances et de qualit\u00e9 chez les microphones statiques de studio \u00e0 ce niveau de prix. Son diaphragme de faible masse est fabriqu\u00e9 sur mesure pour une r\u00e9ponse en fr\u00e9quence \u00e9tendue et une r\u00e9ponse dans les transitoires sup\u00e9rieure. Avec un bruit intrins\u00e8que tr\u00e8s faible, il est parfaitement adapt\u00e9 aux mat\u00e9riels d\u2019enregistrement num\u00e9rique actuels. Ce microphone offre une dynamique \u00e9tendue, et tient facilement des niveaux de pression acoustique \u00e9lev\u00e9s. Sa construction robuste est con\u00e7ue pour durer pendant des ann\u00e9es. Un des meilleurs rapport qualit\u00e9\/prix dans la technologie du microphone statique de studio \u00e0 capture lat\u00e9rale; Id\u00e9al pour le Project\/home studio ;Tr\u00e8s abordable au niveau prix, l&rsquo;AT2020 constitue le meilleur choix pour un premier microphone de studio cardio\u00efde \u00e0 condensateur, alliant la performance, la qualit\u00e9, la robustesse et une grande polyvalence. Accepte de fortes pressions acoustiques ;Son niveau de pression acoustique admissible \u00e9lev\u00e9 (144 dB), et sa plage dynamique exceptionnelle, contribuent \u00e0 rendre l&rsquo;AT2020 particuli\u00e8rement polyvalent. Construction Robuste ;Techniques de conception et de fabrication de pointe, garantissant une conformit\u00e9 avec les normes strictes de consistance et de fiabilit\u00e9 d&rsquo; Audio-Technica . REMARQUE &#8211; L&rsquo;AT2020 doit \u00eatre connect\u00e9 via XLR \u00e0 une interface audio ou \u00e0 un appareil de mixage audio et n\u00e9cessite une alimentation fant\u00f4me +48V. L&rsquo;AT2020 n&rsquo;est pas compatible avec les connexions d&rsquo;entr\u00e9e microphone 3,5 mm.<\/p>\n<p>Stagg C\u00e2ble microphone de haute qualit\u00e9 XLR vers prise XLR, 6 m, noir<br \/>Stagg C\u00e2ble microphone XLR-XLR standard XLRF\/XLRM, noir, conforme \u00e0 RoHS, longueur : 6 m<\/span>  <br \/>produit 1: Diaphragme de faible masse 16 mm fabriqu\u00e9 sur mesure, pour fournir une r\u00e9ponse en fr\u00e9quence \u00e9tendue et une r\u00e9ponse sup\u00e9rieure aux transitoires<br \/>produit 1: Directivit\u00e9 cardio\u00efde pour une meilleure isolation de la source sonore et une r\u00e9duction de la prise de son lat\u00e9rale et arri\u00e8re<br \/>produit 1: Fixation pour pied filet\u00e9 et pivotante assurant une fixation solide et un positionnement du microphone ais\u00e9 et pr\u00e9cis<br \/>produit 2: c\u00e2ble de microphone standard<br \/>produit 2: Longueur 6 m<br \/>produit 2: Conforme \u00e0 RoHS<br \/>produit 2: c\u00e2ble noir<\/p>\n","protected":false},"excerpt":{"rendered":"<p>Prix: Audio-Technica AT2020 Microphone cardio\u00efde \u00e0 \u00e9lectret (connexion XLR) pour la voix off, podcasting, streaming et l&rsquo;enregistrementL\u2019AT2020 \u00e9tablit un nouveau standard de performances et de qualit\u00e9 chez les microphones statiques de studio \u00e0 ce niveau de prix. Son diaphragme de faible masse est fabriqu\u00e9 sur mesure pour une r\u00e9ponse en fr\u00e9quence \u00e9tendue et une r\u00e9ponse&hellip;<\/p>\n","protected":false},"featured_media":1498,"comment_status":"open","ping_status":"closed","template":"","meta":{"_gspb_post_css":"","_monsterinsights_skip_tracking":false,"_monsterinsights_sitenote_active":false,"_monsterinsights_sitenote_note":"","_monsterinsights_sitenote_category":0},"product_cat":[67],"product_tag":[],"class_list":{"0":"post-1497","1":"product","2":"type-product","3":"status-publish","4":"has-post-thumbnail","6":"product_cat-micros","8":"first","9":"instock","10":"sale","11":"shipping-taxable","12":"product-type-external","13":"add-to-wishlist-after_add_to_cart","14":"col-xs-6 col-sm-4","15":"col-md-3 col-lg-3","16":"un-4-cols"},"aioseo_notices":[],"_links":{"self":[{"href":"https:\/\/decorstreaming.com\/index.php?rest_route=\/wp\/v2\/product\/1497","targetHints":{"allow":["GET"]}}],"collection":[{"href":"https:\/\/decorstreaming.com\/index.php?rest_route=\/wp\/v2\/product"}],"about":[{"href":"https:\/\/decorstreaming.com\/index.php?rest_route=\/wp\/v2\/types\/product"}],"replies":[{"embeddable":true,"href":"https:\/\/decorstreaming.com\/index.php?rest_route=%2Fwp%2Fv2%2Fcomments&post=1497"}],"wp:featuredmedia":[{"embeddable":true,"href":"https:\/\/decorstreaming.com\/index.php?rest_route=\/wp\/v2\/media\/1498"}],"wp:attachment":[{"href":"https:\/\/decorstreaming.com\/index.php?rest_route=%2Fwp%2Fv2%2Fmedia&parent=1497"}],"wp:term":[{"taxonomy":"product_cat","embeddable":true,"href":"https:\/\/decorstreaming.com\/index.php?rest_route=%2Fwp%2Fv2%2Fproduct_cat&post=1497"},{"taxonomy":"product_tag","embeddable":true,"href":"https:\/\/decorstreaming.com\/index.php?rest_route=%2Fwp%2Fv2%2Fproduct_tag&post=1497"}],"curies":[{"name":"wp","href":"https:\/\/api.w.org\/{rel}","templated":true}]}}