{"id":11,"date":"2024-10-02T01:58:47","date_gmt":"2024-10-01T23:58:47","guid":{"rendered":"https:\/\/decorstreaming.com\/?page_id=11"},"modified":"2024-10-02T01:58:47","modified_gmt":"2024-10-01T23:58:47","slug":"panier","status":"publish","type":"page","link":"https:\/\/decorstreaming.com\/?page_id=11","title":{"rendered":"Panier"},"content":{"rendered":"\n<div data-block-name=\"woocommerce\/cart\" class=\"wp-block-woocommerce-cart alignwide is-loading\">\n<div data-block-name=\"woocommerce\/filled-cart-block\" class=\"wp-block-woocommerce-filled-cart-block\">\n<div data-block-name=\"woocommerce\/cart-items-block\" class=\"wp-block-woocommerce-cart-items-block\">\n<div data-block-name=\"woocommerce\/cart-line-items-block\" class=\"wp-block-woocommerce-cart-line-items-block\"><\/div>\n\n\n\n<div data-block-name=\"woocommerce\/cart-cross-sells-block\" class=\"wp-block-woocommerce-cart-cross-sells-block\">\n<h2 class=\"wp-block-heading has-large-font-size\">\u00c7a peut vous int\u00e9resser&#8230;<\/h2>\n\n\n\n<div data-block-name=\"woocommerce\/cart-cross-sells-products-block\" class=\"wp-block-woocommerce-cart-cross-sells-products-block\"><\/div>\n<\/div>\n<\/div>\n\n\n\n<div data-block-name=\"woocommerce\/cart-totals-block\" class=\"wp-block-woocommerce-cart-totals-block\">\n<div data-block-name=\"woocommerce\/cart-order-summary-block\" class=\"wp-block-woocommerce-cart-order-summary-block\">\n<div data-block-name=\"woocommerce\/cart-order-summary-heading-block\" class=\"wp-block-woocommerce-cart-order-summary-heading-block\"><\/div><div data-block-name=\"woocommerce\/cart-order-summary-coupon-form-block\" class=\"wp-block-woocommerce-cart-order-summary-coupon-form-block\"><\/div><div data-block-name=\"woocommerce\/cart-order-summary-totals-block\" class=\"wp-block-woocommerce-cart-order-summary-totals-block\">\n<div data-block-name=\"woocommerce\/cart-order-summary-subtotal-block\" class=\"wp-block-woocommerce-cart-order-summary-subtotal-block\"><\/div>\n<div data-block-name=\"woocommerce\/cart-order-summary-discount-block\" class=\"wp-block-woocommerce-cart-order-summary-discount-block\"><\/div>\n<div data-block-name=\"woocommerce\/cart-order-summary-fee-block\" class=\"wp-block-woocommerce-cart-order-summary-fee-block\"><\/div>\n<div data-block-name=\"woocommerce\/cart-order-summary-shipping-block\" class=\"wp-block-woocommerce-cart-order-summary-shipping-block\"><\/div>\n<div data-block-name=\"woocommerce\/cart-order-summary-taxes-block\" class=\"wp-block-woocommerce-cart-order-summary-taxes-block\"><\/div><\/div>\n<\/div>\n\n\n\n<div data-block-name=\"woocommerce\/cart-express-payment-block\" class=\"wp-block-woocommerce-cart-express-payment-block\"><\/div>\n\n\n\n<div data-block-name=\"woocommerce\/proceed-to-checkout-block\" class=\"wp-block-woocommerce-proceed-to-checkout-block\"><\/div>\n\n\n\n<div data-block-name=\"woocommerce\/cart-accepted-payment-methods-block\" class=\"wp-block-woocommerce-cart-accepted-payment-methods-block\"><\/div>\n<\/div>\n<\/div>\n\n\n\n<div data-block-name=\"woocommerce\/empty-cart-block\" class=\"wp-block-woocommerce-empty-cart-block\">\n<h2 class=\"wp-block-heading has-text-align-center with-empty-cart-icon wc-block-cart__empty-cart__title\">Votre panier est actuellement vide\u00a0!<\/h2>\n\n\n\n<hr class=\"wp-block-separator has-alpha-channel-opacity is-style-dots\"\/>\n\n\n\n<h2 class=\"wp-block-heading has-text-align-center\">Nouveau dans la boutique<\/h2>\n\n\n<div data-block-name=\"woocommerce\/product-new\" data-columns=\"4\" data-rows=\"1\" class=\"wc-block-grid wp-block-product-new wp-block-woocommerce-product-new wc-block-product-new has-4-columns\"><ul class=\"wc-block-grid__products\"><li class=\"wc-block-grid__product add-to-wishlist-after_add_to_cart\"><a href=\"https:\/\/decorstreaming.com\/?product=4-pack-ufo-100w-led-high-bay-projecteur-garage-light-17000lm-led-eclairage-pour-atelier-dimmable-60w-80w-100w-eclairage-lampe-industrielle-ip65-etanche-plafond-120-pour-atelier-entrepot\" class=\"wc-block-grid__product-link\">\n\t\t\t\t\t<div class=\"wc-block-grid__product-onsale\">\n\t\t\t<span aria-hidden=\"true\">Promo<\/span>\n\t\t\t<span class=\"screen-reader-text\">Produit en promotion<\/span>\n\t\t<\/div>\n\t\t\t\t\t<div class=\"wc-block-grid__product-image\"><img fetchpriority=\"high\" decoding=\"async\" width=\"300\" height=\"300\" src=\"https:\/\/i2.wp.com\/m.media-amazon.com\/images\/I\/41V-k3CgcqL._AC_.jpg?w=300&amp;resize=300,300&amp;ssl=1\" class=\"attachment-woocommerce_thumbnail size-woocommerce_thumbnail\" alt=\"4 pack UFO 100W LED High Bay Projecteur Garage Light 17000LM LED \u00c9clairage pour Atelier Dimmable 60W\/80W\/100W \u00c9clairage Lampe Industrielle IP65 \u00c9tanche Plafond 120\u00b0 pour Atelier Entrep\u00f4t\" title=\"4 pack UFO 100W LED High Bay Projecteur Garage Light 17000LM LED \u00c9clairage pour Atelier Dimmable 60W\/80W\/100W \u00c9clairage Lampe Industrielle IP65 \u00c9tanche Plafond 120\u00b0 pour Atelier Entrep\u00f4t\" \/><\/div>\n\t\t\t\t\t<div class=\"wc-block-grid__product-title\">4 pack UFO 100W LED High Bay Projecteur Garage Light 17000LM LED \u00c9clairage pour Atelier Dimmable 60W\/80W\/100W \u00c9clairage Lampe Industrielle IP65 \u00c9tanche Plafond 120\u00b0 pour Atelier Entrep\u00f4t<\/div>\n\t\t\t\t<\/a>\n\t\t\t\t<div class=\"wc-block-grid__product-price price\"><ins><span class=\"woocommerce-Price-amount amount\"><span class=\"woocommerce-Price-currencySymbol\">&euro;<\/span>55,00<\/span><\/ins><del><span class=\"woocommerce-Price-amount amount\"><span class=\"woocommerce-Price-currencySymbol\">&euro;<\/span>186,99<\/span><\/del><\/div>\n\t\t\t\t\n\t\t\t\t<div class=\"wp-block-button wc-block-grid__product-add-to-cart\"><a href=\"https:\/\/amazon.fr\/dp\/B0FD74KXBS?tag=\" aria-label=\"Acheter\" data-quantity=\"1\" data-product_id=\"5793\" data-product_sku=\"\" data-price=\"55\" rel=\"nofollow\" class=\"wp-block-button__link  add_to_cart_button\">Acheter<\/a><\/div>\n\t\t\t\n<div class=\"yith-wcwl-add-to-wishlist add-to-wishlist-5793 yith-wcwl-add-to-wishlist--link-style wishlist-fragment on-first-load\"\n     data-fragment-ref=\"5793\"\n     data-fragment-options=\"{&quot;base_url&quot;:&quot;&quot;,&quot;product_id&quot;:5793,&quot;parent_product_id&quot;:0,&quot;product_type&quot;:&quot;external&quot;,&quot;is_single&quot;:false,&quot;in_default_wishlist&quot;:false,&quot;show_view&quot;:false,&quot;browse_wishlist_text&quot;:&quot;Voir la liste d\\u2019envies&quot;,&quot;already_in_wishslist_text&quot;:&quot;Le produit est d\\u00e9j\\u00e0 dans votre liste de souhaits\\u00a0!&quot;,&quot;product_added_text&quot;:&quot;Produit ajout\\u00e9 !&quot;,&quot;available_multi_wishlist&quot;:false,&quot;disable_wishlist&quot;:false,&quot;show_count&quot;:false,&quot;ajax_loading&quot;:false,&quot;loop_position&quot;:&quot;after_add_to_cart&quot;,&quot;item&quot;:&quot;add_to_wishlist&quot;}\">\n\t\t\t\n            <!-- ADD TO WISHLIST -->\n\t\t\t\n<div class=\"yith-wcwl-add-button\">\n    <a href=\"?add_to_wishlist=5793\" data-rel=\"tooltip\"\n       data-product-id=\"5793\" data-product-type=\"external\"\n       data-original-product-id=\"0\" class=\"add_to_wishlist single_add_to_wishlist\"\n       data-product-title=\"4 pack UFO 100W LED High Bay Projecteur Garage Light 17000LM LED \u00c9clairage pour Atelier Dimmable 60W\/80W\/100W \u00c9clairage Lampe Industrielle IP65 \u00c9tanche Plafond 120\u00b0 pour Atelier Entrep\u00f4t\" title=\"Ajouter \u00e0 la liste d\u2019envies\">\n\t\t<svg id=\"yith-wcwl-icon-heart-outline\" class=\"yith-wcwl-icon-svg\" fill=\"none\" stroke-width=\"1.5\" stroke=\"currentColor\" viewBox=\"0 0 24 24\" xmlns=\"http:\/\/www.w3.org\/2000\/svg\">\n  <path stroke-linecap=\"round\" stroke-linejoin=\"round\" d=\"M21 8.25c0-2.485-2.099-4.5-4.688-4.5-1.935 0-3.597 1.126-4.312 2.733-.715-1.607-2.377-2.733-4.313-2.733C5.1 3.75 3 5.765 3 8.25c0 7.22 9 12 9 12s9-4.78 9-12Z\"><\/path>\n<\/svg>        <span>Ajouter \u00e0 la liste d\u2019envies<\/span>\n    <\/a>\n<\/div>\n            <!-- COUNT TEXT -->\n\t\t\t\n\t\t\t<\/div><\/li><li class=\"wc-block-grid__product add-to-wishlist-after_add_to_cart\"><a href=\"https:\/\/decorstreaming.com\/?product=banksy-impression-sur-toile-de-fille-avec-ballon-rouge-art-graffiti-hd-image-peinture-tableaux-de-la-mur-impermeable-prete-a-poser-decor-moderne-pour-la-salle-chamber-cadeau-30x40cm\" class=\"wc-block-grid__product-link\">\n\t\t\t\t\t\n\t\t\t\t\t<div class=\"wc-block-grid__product-image\"><img decoding=\"async\" width=\"300\" height=\"300\" src=\"https:\/\/i0.wp.com\/m.media-amazon.com\/images\/I\/61KDVznHlCL._AC_.jpg?w=300&amp;resize=300,300&amp;ssl=1\" class=\"attachment-woocommerce_thumbnail size-woocommerce_thumbnail\" alt=\"Banksy Impression sur toile de Fille avec Ballon Rouge, Art Graffiti HD Image Peinture Tableaux de la Mur Imperm\u00e9able prete \u00e0 poser D\u00e9cor Moderne pour la Salle Chamber Cadeau 30x40cm\" title=\"Banksy Impression sur toile de Fille avec Ballon Rouge, Art Graffiti HD Image Peinture Tableaux de la Mur Imperm\u00e9able prete \u00e0 poser D\u00e9cor Moderne pour la Salle Chamber Cadeau 30x40cm\" \/><\/div>\n\t\t\t\t\t<div class=\"wc-block-grid__product-title\">Banksy Impression sur toile de Fille avec Ballon Rouge, Art Graffiti HD Image Peinture Tableaux de la Mur Imperm\u00e9able prete \u00e0 poser D\u00e9cor Moderne pour la Salle Chamber Cadeau 30x40cm<\/div>\n\t\t\t\t<\/a>\n\t\t\t\t<div class=\"wc-block-grid__product-price price\"><span class=\"woocommerce-Price-amount amount\"><span class=\"woocommerce-Price-currencySymbol\">&euro;<\/span>10,60<\/span><\/div>\n\t\t\t\t\n\t\t\t\t<div class=\"wp-block-button wc-block-grid__product-add-to-cart\"><a href=\"https:\/\/amazon.fr\/dp\/B0788ST7YQ?tag=\" aria-label=\"Acheter\" data-quantity=\"1\" data-product_id=\"5782\" data-product_sku=\"\" data-price=\"10.6\" rel=\"nofollow\" class=\"wp-block-button__link  add_to_cart_button\">Acheter<\/a><\/div>\n\t\t\t\n<div class=\"yith-wcwl-add-to-wishlist add-to-wishlist-5782 yith-wcwl-add-to-wishlist--link-style wishlist-fragment on-first-load\"\n     data-fragment-ref=\"5782\"\n     data-fragment-options=\"{&quot;base_url&quot;:&quot;&quot;,&quot;product_id&quot;:5782,&quot;parent_product_id&quot;:0,&quot;product_type&quot;:&quot;external&quot;,&quot;is_single&quot;:false,&quot;in_default_wishlist&quot;:false,&quot;show_view&quot;:false,&quot;browse_wishlist_text&quot;:&quot;Voir la liste d\\u2019envies&quot;,&quot;already_in_wishslist_text&quot;:&quot;Le produit est d\\u00e9j\\u00e0 dans votre liste de souhaits\\u00a0!&quot;,&quot;product_added_text&quot;:&quot;Produit ajout\\u00e9 !&quot;,&quot;available_multi_wishlist&quot;:false,&quot;disable_wishlist&quot;:false,&quot;show_count&quot;:false,&quot;ajax_loading&quot;:false,&quot;loop_position&quot;:&quot;after_add_to_cart&quot;,&quot;item&quot;:&quot;add_to_wishlist&quot;}\">\n\t\t\t\n            <!-- ADD TO WISHLIST -->\n\t\t\t\n<div class=\"yith-wcwl-add-button\">\n    <a href=\"?add_to_wishlist=5782\" data-rel=\"tooltip\"\n       data-product-id=\"5782\" data-product-type=\"external\"\n       data-original-product-id=\"0\" class=\"add_to_wishlist single_add_to_wishlist\"\n       data-product-title=\"4 pack UFO 100W LED High Bay Projecteur Garage Light 17000LM LED \u00c9clairage pour Atelier Dimmable 60W\/80W\/100W \u00c9clairage Lampe Industrielle IP65 \u00c9tanche Plafond 120\u00b0 pour Atelier Entrep\u00f4t\" title=\"Ajouter \u00e0 la liste d\u2019envies\">\n\t\t<svg id=\"yith-wcwl-icon-heart-outline\" class=\"yith-wcwl-icon-svg\" fill=\"none\" stroke-width=\"1.5\" stroke=\"currentColor\" viewBox=\"0 0 24 24\" xmlns=\"http:\/\/www.w3.org\/2000\/svg\">\n  <path stroke-linecap=\"round\" stroke-linejoin=\"round\" d=\"M21 8.25c0-2.485-2.099-4.5-4.688-4.5-1.935 0-3.597 1.126-4.312 2.733-.715-1.607-2.377-2.733-4.313-2.733C5.1 3.75 3 5.765 3 8.25c0 7.22 9 12 9 12s9-4.78 9-12Z\"><\/path>\n<\/svg>        <span>Ajouter \u00e0 la liste d\u2019envies<\/span>\n    <\/a>\n<\/div>\n            <!-- COUNT TEXT -->\n\t\t\t\n\t\t\t<\/div><\/li><li class=\"wc-block-grid__product add-to-wishlist-after_add_to_cart\"><a href=\"https:\/\/decorstreaming.com\/?product=led-lightbar-rgb-tv-led-retro-eclairage-synchronisation-musicale-port-usb-lampe-de-jeu-bluetooth-avec-application-et-telecommande-pour-decoration-de-jeu-pc-decoration-daquarium-2pcs\" class=\"wc-block-grid__product-link\">\n\t\t\t\t\t<div class=\"wc-block-grid__product-onsale\">\n\t\t\t<span aria-hidden=\"true\">Promo<\/span>\n\t\t\t<span class=\"screen-reader-text\">Produit en promotion<\/span>\n\t\t<\/div>\n\t\t\t\t\t<div class=\"wc-block-grid__product-image\"><img decoding=\"async\" width=\"300\" height=\"300\" src=\"https:\/\/i0.wp.com\/m.media-amazon.com\/images\/I\/41je0jNDmpL._AC_.jpg?w=300&amp;resize=300,300&amp;ssl=1\" class=\"attachment-woocommerce_thumbnail size-woocommerce_thumbnail\" alt=\"LED Lightbar, RGB TV Led r\u00e9tro-\u00e9clairage Synchronisation Musicale Port USB, Lampe de Jeu Bluetooth Avec Application et T\u00e9l\u00e9commande pour D\u00e9coration de Jeu PC D\u00e9coration D&rsquo;aquarium &#8211; 2PCS\" title=\"LED Lightbar, RGB TV Led r\u00e9tro-\u00e9clairage Synchronisation Musicale Port USB, Lampe de Jeu Bluetooth Avec Application et T\u00e9l\u00e9commande pour D\u00e9coration de Jeu PC D\u00e9coration D&rsquo;aquarium &#8211; 2PCS\" \/><\/div>\n\t\t\t\t\t<div class=\"wc-block-grid__product-title\">LED Lightbar, RGB TV Led r\u00e9tro-\u00e9clairage Synchronisation Musicale Port USB, Lampe de Jeu Bluetooth Avec Application et T\u00e9l\u00e9commande pour D\u00e9coration de Jeu PC D\u00e9coration D&rsquo;aquarium &#8211; 2PCS<\/div>\n\t\t\t\t<\/a>\n\t\t\t\t<div class=\"wc-block-grid__product-price price\"><ins><span class=\"woocommerce-Price-amount amount\"><span class=\"woocommerce-Price-currencySymbol\">&euro;<\/span>12,50<\/span><\/ins><del><span class=\"woocommerce-Price-amount amount\"><span class=\"woocommerce-Price-currencySymbol\">&euro;<\/span>26,99<\/span><\/del><\/div>\n\t\t\t\t\n\t\t\t\t<div class=\"wp-block-button wc-block-grid__product-add-to-cart\"><a href=\"https:\/\/amazon.fr\/dp\/B09Y54XRW2?tag=\" aria-label=\"Acheter\" data-quantity=\"1\" data-product_id=\"5768\" data-product_sku=\"\" data-price=\"12.5\" rel=\"nofollow\" class=\"wp-block-button__link  add_to_cart_button\">Acheter<\/a><\/div>\n\t\t\t\n<div class=\"yith-wcwl-add-to-wishlist add-to-wishlist-5768 yith-wcwl-add-to-wishlist--link-style wishlist-fragment on-first-load\"\n     data-fragment-ref=\"5768\"\n     data-fragment-options=\"{&quot;base_url&quot;:&quot;&quot;,&quot;product_id&quot;:5768,&quot;parent_product_id&quot;:0,&quot;product_type&quot;:&quot;external&quot;,&quot;is_single&quot;:false,&quot;in_default_wishlist&quot;:false,&quot;show_view&quot;:false,&quot;browse_wishlist_text&quot;:&quot;Voir la liste d\\u2019envies&quot;,&quot;already_in_wishslist_text&quot;:&quot;Le produit est d\\u00e9j\\u00e0 dans votre liste de souhaits\\u00a0!&quot;,&quot;product_added_text&quot;:&quot;Produit ajout\\u00e9 !&quot;,&quot;available_multi_wishlist&quot;:false,&quot;disable_wishlist&quot;:false,&quot;show_count&quot;:false,&quot;ajax_loading&quot;:false,&quot;loop_position&quot;:&quot;after_add_to_cart&quot;,&quot;item&quot;:&quot;add_to_wishlist&quot;}\">\n\t\t\t\n            <!-- ADD TO WISHLIST -->\n\t\t\t\n<div class=\"yith-wcwl-add-button\">\n    <a href=\"?add_to_wishlist=5768\" data-rel=\"tooltip\"\n       data-product-id=\"5768\" data-product-type=\"external\"\n       data-original-product-id=\"0\" class=\"add_to_wishlist single_add_to_wishlist\"\n       data-product-title=\"4 pack UFO 100W LED High Bay Projecteur Garage Light 17000LM LED \u00c9clairage pour Atelier Dimmable 60W\/80W\/100W \u00c9clairage Lampe Industrielle IP65 \u00c9tanche Plafond 120\u00b0 pour Atelier Entrep\u00f4t\" title=\"Ajouter \u00e0 la liste d\u2019envies\">\n\t\t<svg id=\"yith-wcwl-icon-heart-outline\" class=\"yith-wcwl-icon-svg\" fill=\"none\" stroke-width=\"1.5\" stroke=\"currentColor\" viewBox=\"0 0 24 24\" xmlns=\"http:\/\/www.w3.org\/2000\/svg\">\n  <path stroke-linecap=\"round\" stroke-linejoin=\"round\" d=\"M21 8.25c0-2.485-2.099-4.5-4.688-4.5-1.935 0-3.597 1.126-4.312 2.733-.715-1.607-2.377-2.733-4.313-2.733C5.1 3.75 3 5.765 3 8.25c0 7.22 9 12 9 12s9-4.78 9-12Z\"><\/path>\n<\/svg>        <span>Ajouter \u00e0 la liste d\u2019envies<\/span>\n    <\/a>\n<\/div>\n            <!-- COUNT TEXT -->\n\t\t\t\n\t\t\t<\/div><\/li><li class=\"wc-block-grid__product add-to-wishlist-after_add_to_cart\"><a href=\"https:\/\/decorstreaming.com\/?product=4-pack-ufo-240w-led-high-bay-projecteur-garage-light-40800lm-eclairage-pour-atelier-6000k-120eclairage-ip65-lampe-industrielle-dimmable-140w-190w-240w-usines-entrepots-de-construction-garages\" class=\"wc-block-grid__product-link\">\n\t\t\t\t\t\n\t\t\t\t\t<div class=\"wc-block-grid__product-image\"><img loading=\"lazy\" decoding=\"async\" width=\"300\" height=\"300\" src=\"https:\/\/i0.wp.com\/m.media-amazon.com\/images\/I\/41nZRAuTYLL._AC_.jpg?w=300&amp;resize=300,300&amp;ssl=1\" class=\"attachment-woocommerce_thumbnail size-woocommerce_thumbnail\" alt=\"4 Pack UFO 240W LED High Bay Projecteur Garage Light 40800LM \u00c9clairage pour Atelier 6000K 120\u00b0\u00c9clairage IP65 Lampe Industrielle Dimmable 140W\/190W\/240W Usines Entrep\u00f4ts de Construction Garages\" title=\"4 Pack UFO 240W LED High Bay Projecteur Garage Light 40800LM \u00c9clairage pour Atelier 6000K 120\u00b0\u00c9clairage IP65 Lampe Industrielle Dimmable 140W\/190W\/240W Usines Entrep\u00f4ts de Construction Garages\" \/><\/div>\n\t\t\t\t\t<div class=\"wc-block-grid__product-title\">4 Pack UFO 240W LED High Bay Projecteur Garage Light 40800LM \u00c9clairage pour Atelier 6000K 120\u00b0\u00c9clairage IP65 Lampe Industrielle Dimmable 140W\/190W\/240W Usines Entrep\u00f4ts de Construction Garages<\/div>\n\t\t\t\t<\/a>\n\t\t\t\t<div class=\"wc-block-grid__product-price price\"><span class=\"woocommerce-Price-amount amount\"><span class=\"woocommerce-Price-currencySymbol\">&euro;<\/span>55,00<\/span><\/div>\n\t\t\t\t\n\t\t\t\t<div class=\"wp-block-button wc-block-grid__product-add-to-cart\"><a href=\"https:\/\/amazon.fr\/dp\/B0FZ9DC6P5?tag=\" aria-label=\"Acheter\" data-quantity=\"1\" data-product_id=\"5756\" data-product_sku=\"\" data-price=\"55\" rel=\"nofollow\" class=\"wp-block-button__link  add_to_cart_button\">Acheter<\/a><\/div>\n\t\t\t\n<div class=\"yith-wcwl-add-to-wishlist add-to-wishlist-5756 yith-wcwl-add-to-wishlist--link-style wishlist-fragment on-first-load\"\n     data-fragment-ref=\"5756\"\n     data-fragment-options=\"{&quot;base_url&quot;:&quot;&quot;,&quot;product_id&quot;:5756,&quot;parent_product_id&quot;:0,&quot;product_type&quot;:&quot;external&quot;,&quot;is_single&quot;:false,&quot;in_default_wishlist&quot;:false,&quot;show_view&quot;:false,&quot;browse_wishlist_text&quot;:&quot;Voir la liste d\\u2019envies&quot;,&quot;already_in_wishslist_text&quot;:&quot;Le produit est d\\u00e9j\\u00e0 dans votre liste de souhaits\\u00a0!&quot;,&quot;product_added_text&quot;:&quot;Produit ajout\\u00e9 !&quot;,&quot;available_multi_wishlist&quot;:false,&quot;disable_wishlist&quot;:false,&quot;show_count&quot;:false,&quot;ajax_loading&quot;:false,&quot;loop_position&quot;:&quot;after_add_to_cart&quot;,&quot;item&quot;:&quot;add_to_wishlist&quot;}\">\n\t\t\t\n            <!-- ADD TO WISHLIST -->\n\t\t\t\n<div class=\"yith-wcwl-add-button\">\n    <a href=\"?add_to_wishlist=5756\" data-rel=\"tooltip\"\n       data-product-id=\"5756\" data-product-type=\"external\"\n       data-original-product-id=\"0\" class=\"add_to_wishlist single_add_to_wishlist\"\n       data-product-title=\"4 pack UFO 100W LED High Bay Projecteur Garage Light 17000LM LED \u00c9clairage pour Atelier Dimmable 60W\/80W\/100W \u00c9clairage Lampe Industrielle IP65 \u00c9tanche Plafond 120\u00b0 pour Atelier Entrep\u00f4t\" title=\"Ajouter \u00e0 la liste d\u2019envies\">\n\t\t<svg id=\"yith-wcwl-icon-heart-outline\" class=\"yith-wcwl-icon-svg\" fill=\"none\" stroke-width=\"1.5\" stroke=\"currentColor\" viewBox=\"0 0 24 24\" xmlns=\"http:\/\/www.w3.org\/2000\/svg\">\n  <path stroke-linecap=\"round\" stroke-linejoin=\"round\" d=\"M21 8.25c0-2.485-2.099-4.5-4.688-4.5-1.935 0-3.597 1.126-4.312 2.733-.715-1.607-2.377-2.733-4.313-2.733C5.1 3.75 3 5.765 3 8.25c0 7.22 9 12 9 12s9-4.78 9-12Z\"><\/path>\n<\/svg>        <span>Ajouter \u00e0 la liste d\u2019envies<\/span>\n    <\/a>\n<\/div>\n            <!-- COUNT TEXT -->\n\t\t\t\n\t\t\t<\/div><\/li><\/ul><\/div><\/div>\n<\/div>\n","protected":false},"excerpt":{"rendered":"","protected":false},"author":1,"featured_media":0,"parent":0,"menu_order":0,"comment_status":"closed","ping_status":"closed","template":"template-systempages.php","meta":{"_gspb_post_css":"","_monsterinsights_skip_tracking":false,"_monsterinsights_sitenote_active":false,"_monsterinsights_sitenote_note":"","_monsterinsights_sitenote_category":0,"footnotes":""},"class_list":["post-11","page","type-page","status-publish","hentry"],"aioseo_notices":[],"_links":{"self":[{"href":"https:\/\/decorstreaming.com\/index.php?rest_route=\/wp\/v2\/pages\/11","targetHints":{"allow":["GET"]}}],"collection":[{"href":"https:\/\/decorstreaming.com\/index.php?rest_route=\/wp\/v2\/pages"}],"about":[{"href":"https:\/\/decorstreaming.com\/index.php?rest_route=\/wp\/v2\/types\/page"}],"author":[{"embeddable":true,"href":"https:\/\/decorstreaming.com\/index.php?rest_route=\/wp\/v2\/users\/1"}],"replies":[{"embeddable":true,"href":"https:\/\/decorstreaming.com\/index.php?rest_route=%2Fwp%2Fv2%2Fcomments&post=11"}],"version-history":[{"count":0,"href":"https:\/\/decorstreaming.com\/index.php?rest_route=\/wp\/v2\/pages\/11\/revisions"}],"wp:attachment":[{"href":"https:\/\/decorstreaming.com\/index.php?rest_route=%2Fwp%2Fv2%2Fmedia&parent=11"}],"curies":[{"name":"wp","href":"https:\/\/api.w.org\/{rel}","templated":true}]}}